{"id":2811,"date":"2019-10-04T08:13:50","date_gmt":"2019-10-04T12:13:50","guid":{"rendered":"https:\/\/www.stas.com\/?page_id=2811"},"modified":"2023-06-08T11:13:45","modified_gmt":"2023-06-08T15:13:45","slug":"history","status":"publish","type":"page","link":"https:\/\/www.stas.com\/en\/history\/","title":{"rendered":"History"},"content":{"rendered":"<p class=\"editor-clearfix\"><strong>Located in Saguenay Lac-St Jean, an aluminium producing region for nearly 100 years, the beginnings of STAS are closely linked to the proximity of a large aluminium smelter (ALCAN, today Rio Tinto) and a research center favoring the presence of hundreds of engineers and scientists.<\/strong><\/p>\n<p class=\"editor-clearfix\"><img loading=\"lazy\" decoding=\"async\" class=\"lazy alignleft wp-image-5295 size-slider-image-xsmall\" src=\"https:\/\/www.stas.com\/wp-content\/themes\/nubee\/library\/images\/blank.png\" data-src=\"https:\/\/www.stas.com\/wp-content\/uploads\/2023\/05\/acd_2-1995-1-310x174.png\" alt=\"\" width=\"310\" height=\"174\" \/><\/p>\n<h3>Initiated in 1994,<\/h3>\n<p><span style=\"font-family: inherit;font-size: inherit\">thanks to a partnership between the Alcan Research and Development Center and STAS, the Alcan Compact Degasser program has made possible to create and maintain dozens of jobs in the region in high technology and brought the opportunity to the company to conclude sales in aluminium smelters and casthouses around the world.<\/span><\/p>\n<p><strong><img loading=\"lazy\" decoding=\"async\" class=\"lazy alignleft wp-image-5298 size-slider-image-xsmall\" src=\"https:\/\/www.stas.com\/wp-content\/themes\/nubee\/library\/images\/blank.png\" data-src=\"https:\/\/www.stas.com\/wp-content\/uploads\/2023\/05\/igdc-100e-1-310x174.png\" alt=\"\" width=\"310\" height=\"174\" \/><\/strong><\/p>\n<h3>Over the years,<\/h3>\n<p>the success of STAS has been made possible by the realization of large projects, most of them located in the Middle East, and which include several products at the same time. These large-scale projects have enabled STAS to make an international name for itself in the industry, and to expand its base of customers, who can now act as a reference for future sales.<\/p>\n<h3><img loading=\"lazy\" decoding=\"async\" class=\"lazy wp-image-4452 size-slider-image-xsmall alignleft\" src=\"https:\/\/www.stas.com\/wp-content\/themes\/nubee\/library\/images\/blank.png\" data-src=\"https:\/\/www.stas.com\/wp-content\/uploads\/2018\/08\/2-asis-3d_-fr-310x174.png\" alt=\"\" width=\"310\" height=\"174\" \/>In the 2000s,<\/h3>\n<p><span style=\"font-family: inherit;font-size: inherit\"> the company undertook a major shift in research and development by devoting a great deal of effort to developing its own equipment, in particular by broadening its technological base to the <a href=\"https:\/\/www.stas.com\/en\/products\/carbon-and-rodding-shop\/\">carbon<\/a> and <a href=\"https:\/\/www.stas.com\/en\/products\/electrolysis\/\">electrolysis<\/a> sectors and, more recently, to intelligent inspection and vision systems. The company now has a catalog of around 30 distinct products, all made to fit according to the needs of the client.<\/span><\/p>\n<p><strong><img loading=\"lazy\" decoding=\"async\" class=\"lazy alignleft wp-image-4627 size-slider-image-xsmall\" src=\"https:\/\/www.stas.com\/wp-content\/themes\/nubee\/library\/images\/blank.png\" data-src=\"https:\/\/www.stas.com\/wp-content\/uploads\/2018\/08\/6-acd_-en-310x174.png\" alt=\"\" width=\"310\" height=\"174\" \/><\/strong><\/p>\n<h3>In 2012,<\/h3>\n<p><span style=\"font-family: inherit;font-size: inherit\">STAS sells its 200th <a href=\"https:\/\/www.stas.com\/en\/products\/metal-treatment-and-casthouse-technologies\/acd-aluminium-compact-degasser-2\/\">ACD \/ Aluminium Compact Degasser<sup>\u00ae<\/sup><\/a>, a flagship product that has become the essential reference in the metal casting \/ treatment sector.<\/span><\/p>\n<p>&nbsp;<\/p>\n<img loading=\"lazy\" decoding=\"async\" class=\"lazy alignleft wp-image-2742 size-slider-image-xsmall\" src=\"https:\/\/www.stas.com\/wp-content\/themes\/nubee\/library\/images\/blank.png\" data-src=\"https:\/\/www.stas.com\/wp-content\/uploads\/2019\/07\/stas_logo_principal_2018-310x167.png\" alt=\"\" width=\"310\" height=\"167\" \/>\n<h3>In 2017,<\/h3>\n<p><span style=\"font-family: inherit;font-size: inherit\">the company is officially incorporated and became STAS Inc. Several employees joined the company to support our global growth, including the Alba Line 6 project where STAS obtained several major contracts.<\/span><\/p>\n<img loading=\"lazy\" decoding=\"async\" class=\"lazy alignleft wp-image-3999 size-slider-image-xsmall\" src=\"https:\/\/www.stas.com\/wp-content\/themes\/nubee\/library\/images\/blank.png\" data-src=\"https:\/\/www.stas.com\/wp-content\/uploads\/2022\/02\/dji_0405-310x174.jpg\" alt=\"\" width=\"310\" height=\"174\" \/>\n<h3>In 2018,<\/h3>\n<p><span style=\"font-family: inherit;font-size: inherit\">the company moved to its new head office at 622 rue des Actionnaires.<\/span><\/p>\n<p>&nbsp;<\/p>\n<img loading=\"lazy\" decoding=\"async\" class=\"lazy alignleft wp-image-3485 size-slider-image-xsmall\" src=\"https:\/\/www.stas.com\/wp-content\/themes\/nubee\/library\/images\/blank.png\" data-src=\"https:\/\/www.stas.com\/wp-content\/uploads\/2021\/02\/img_6013-2-stas-310x174.jpg\" alt=\"\" width=\"310\" height=\"174\" \/>\n<h3>In 2018,<\/h3>\n<p><span style=\"font-family: inherit;font-size: inherit\">the company <a href=\"https:\/\/www.stas.com\/en\/news\/news\/stas-acquires-technologies-from-o-d-t-engineering\/\">acquired the intellectual property of the ingot casting and stacking machine and the sow casting and stacking machine from the Australian company o.d.t engineering,<\/a> thus broadening its expertise to the metal solidification sector. The machines are called the <a href=\"https:\/\/www.stas.com\/en\/products\/metal-treatment-and-casthouse-technologies\/ics-ingot-casting-and-stacking\/\">ICS<\/a> and the <a href=\"https:\/\/www.stas.com\/en\/products\/metal-treatment-and-casthouse-technologies\/scs-sow-casting-and-stacking\/\">SCS<\/a>.<\/span><\/p>\n<img loading=\"lazy\" decoding=\"async\" class=\"lazy alignleft wp-image-5301 size-slider-image-xsmall\" src=\"https:\/\/www.stas.com\/wp-content\/themes\/nubee\/library\/images\/blank.png\" data-src=\"https:\/\/www.stas.com\/wp-content\/uploads\/2023\/05\/47476592_1998913223477948_9012141112831246336_n-310x174.jpg\" alt=\"\" width=\"310\" height=\"174\" \/>\n<h3>In 2018,<\/h3>\n<p><span style=\"font-family: inherit;font-size: inherit\"><a href=\"https:\/\/www.stas.com\/en\/news\/blog\/stas-will-soon-deliver-its-250th-acd\/\">STAS delivered its 250th<\/a> <a href=\"https:\/\/www.stas.com\/en\/products\/metal-treatment-and-casthouse-technologies\/acd-aluminium-compact-degasser-2\/\">ACD \/ Aluminium Compact Degasser<sup>\u00ae<\/sup><\/a> to an Indian customer \u2013 nearly 25 years after the company&#8217;s flagship product was released.<\/span><\/p>\n<p>&nbsp;<\/p>\n<h3><img loading=\"lazy\" decoding=\"async\" class=\"lazy wp-image-5352 size-slider-image-xsmall alignleft\" src=\"https:\/\/www.stas.com\/wp-content\/themes\/nubee\/library\/images\/blank.png\" data-src=\"https:\/\/www.stas.com\/wp-content\/uploads\/2023\/06\/hencon-310x174.jpg\" alt=\"\" width=\"310\" height=\"174\" \/>In 2018,<\/h3>\n<p><span style=\"font-family: inherit;font-size: inherit\">STAS starts a business partnership with <a href=\"https:\/\/www.stas.com\/en\/?partner=hencon\">HENCON.<\/a><\/span><\/p>\n<p>&nbsp;<\/p>\n<img loading=\"lazy\" decoding=\"async\" class=\"lazy alignleft wp-image-5304 size-slider-image-xsmall\" src=\"https:\/\/www.stas.com\/wp-content\/themes\/nubee\/library\/images\/blank.png\" data-src=\"https:\/\/www.stas.com\/wp-content\/uploads\/2023\/05\/200e-rfi-310x174.png\" alt=\"\" width=\"310\" height=\"174\" \/>\n<h3>In 2021,<\/h3>\n<p><span style=\"font-family: inherit;font-size: inherit\">we were <a href=\"https:\/\/www.stas.com\/en\/news\/news\/stas-delivers-its-200th-rotary-flux-injector-rfi\/\">producing and delivering our 200th unit<\/a> of <a href=\"https:\/\/www.stas.com\/en\/products\/metal-treatment-and-casthouse-technologies\/rfi-rotary-flux-injector\/\">RFI \/ Rotary Flux Injector<sup>\u00ae<\/sup><\/a> to a customer located in the United Kingdom.<\/span><\/p>\n<p>&nbsp;<\/p>\n<h3><img loading=\"lazy\" decoding=\"async\" class=\"lazy alignleft wp-image-5285 size-slider-image-xsmall\" src=\"https:\/\/www.stas.com\/wp-content\/themes\/nubee\/library\/images\/blank.png\" data-src=\"https:\/\/www.stas.com\/wp-content\/uploads\/2023\/05\/actionnariat-photologobr-310x174.png\" alt=\"\" width=\"310\" height=\"174\" \/>In 2023,<\/h3>\n<p><span style=\"font-family: inherit;font-size: inherit\">the current management committee (Daniel Maltais, Jean-Michel Goupille, Dominic Fortin, V\u00e9ronique Bergeron, Jasmine Paradis Laroche, Martin Plante and Alexandre MacLaren) joins the team of shareholders.<\/span><\/p>\n<p>&nbsp;<\/p>\n<p><strong>STAS wishes to achieve its vision of becoming an important player for the aluminium industry by offering turnkey, reliable and robust solutions to its customers, with the expertise and experience needed to meet quality and world&#8217;s most demanding productivity.<\/strong><\/p>\n","protected":false},"excerpt":{"rendered":"<p>Located in Saguenay Lac-St Jean, an aluminium producing region for nearly 100 years, the beginnings of STAS are closely linked to the proximity of a large aluminium smelter (ALCAN, today Rio Tinto) and a research center favoring the presence of hundreds of engineers and scientists. Initiated in 1994, thanks to a partnership between the Alcan&#8230;  <a class=\"excerpt-read-more\" href=\"https:\/\/www.stas.com\/en\/history\/\" title=\"Read History\">Read more &raquo;<\/a><\/p>\n","protected":false},"author":18,"featured_media":2799,"parent":0,"menu_order":7,"comment_status":"closed","ping_status":"closed","template":"","meta":{"_acf_changed":false,"footnotes":""},"class_list":["post-2811","page","type-page","status-publish","has-post-thumbnail","hentry"],"acf":[],"yoast_head":"<!-- This site is optimized with the Yoast SEO plugin v27.3 - https:\/\/yoast.com\/product\/yoast-seo-wordpress\/ -->\n<title>History | STAS<\/title>\n<meta name=\"robots\" content=\"index, follow, max-snippet:-1, max-image-preview:large, max-video-preview:-1\" \/>\n<link rel=\"canonical\" href=\"https:\/\/www.stas.com\/en\/history\/\" \/>\n<meta property=\"og:locale\" content=\"en_US\" \/>\n<meta property=\"og:type\" content=\"article\" \/>\n<meta property=\"og:title\" content=\"History | STAS\" \/>\n<meta property=\"og:description\" content=\"Located in Saguenay Lac-St Jean, an aluminium producing region for nearly 100 years, the beginnings of STAS are closely linked to the proximity of a large aluminium smelter (ALCAN, today Rio Tinto) and a research center favoring the presence of hundreds of engineers and scientists. Initiated in 1994, thanks to a partnership between the Alcan... Read more &raquo;\" \/>\n<meta property=\"og:url\" content=\"https:\/\/www.stas.com\/en\/history\/\" \/>\n<meta property=\"og:site_name\" content=\"STAS\" \/>\n<meta property=\"article:publisher\" content=\"https:\/\/www.facebook.com\/stasinc\/?ref=br_rs\" \/>\n<meta property=\"article:modified_time\" content=\"2023-06-08T15:13:45+00:00\" \/>\n<meta property=\"og:image\" content=\"https:\/\/www.stas.com\/wp-content\/uploads\/2019\/09\/stas-batiment-logo-1400x787.png\" \/>\n\t<meta property=\"og:image:width\" content=\"1400\" \/>\n\t<meta property=\"og:image:height\" content=\"787\" \/>\n\t<meta property=\"og:image:type\" content=\"image\/png\" \/>\n<meta name=\"twitter:card\" content=\"summary_large_image\" \/>\n<meta name=\"twitter:label1\" content=\"Est. reading time\" \/>\n\t<meta name=\"twitter:data1\" content=\"5 minutes\" \/>\n<script type=\"application\/ld+json\" class=\"yoast-schema-graph\">{\"@context\":\"https:\\\/\\\/schema.org\",\"@graph\":[{\"@type\":\"WebPage\",\"@id\":\"https:\\\/\\\/www.stas.com\\\/en\\\/history\\\/\",\"url\":\"https:\\\/\\\/www.stas.com\\\/en\\\/history\\\/\",\"name\":\"History | STAS\",\"isPartOf\":{\"@id\":\"https:\\\/\\\/www.stas.com\\\/en\\\/#website\"},\"primaryImageOfPage\":{\"@id\":\"https:\\\/\\\/www.stas.com\\\/en\\\/history\\\/#primaryimage\"},\"image\":{\"@id\":\"https:\\\/\\\/www.stas.com\\\/en\\\/history\\\/#primaryimage\"},\"thumbnailUrl\":\"https:\\\/\\\/www.stas.com\\\/wp-content\\\/uploads\\\/2019\\\/09\\\/stas-batiment-logo.png\",\"datePublished\":\"2019-10-04T12:13:50+00:00\",\"dateModified\":\"2023-06-08T15:13:45+00:00\",\"inLanguage\":\"en-US\",\"potentialAction\":[{\"@type\":\"ReadAction\",\"target\":[\"https:\\\/\\\/www.stas.com\\\/en\\\/history\\\/\"]}]},{\"@type\":\"ImageObject\",\"inLanguage\":\"en-US\",\"@id\":\"https:\\\/\\\/www.stas.com\\\/en\\\/history\\\/#primaryimage\",\"url\":\"https:\\\/\\\/www.stas.com\\\/wp-content\\\/uploads\\\/2019\\\/09\\\/stas-batiment-logo.png\",\"contentUrl\":\"https:\\\/\\\/www.stas.com\\\/wp-content\\\/uploads\\\/2019\\\/09\\\/stas-batiment-logo.png\",\"width\":1920,\"height\":1079},{\"@type\":\"WebSite\",\"@id\":\"https:\\\/\\\/www.stas.com\\\/en\\\/#website\",\"url\":\"https:\\\/\\\/www.stas.com\\\/en\\\/\",\"name\":\"STAS\",\"description\":\"\u00c9quipements sp\u00e9cialis\u00e9s pour l&#039;industrie de l&#039;aluminium\",\"publisher\":{\"@id\":\"https:\\\/\\\/www.stas.com\\\/en\\\/#organization\"},\"potentialAction\":[{\"@type\":\"SearchAction\",\"target\":{\"@type\":\"EntryPoint\",\"urlTemplate\":\"https:\\\/\\\/www.stas.com\\\/en\\\/?s={search_term_string}\"},\"query-input\":{\"@type\":\"PropertyValueSpecification\",\"valueRequired\":true,\"valueName\":\"search_term_string\"}}],\"inLanguage\":\"en-US\"},{\"@type\":\"Organization\",\"@id\":\"https:\\\/\\\/www.stas.com\\\/en\\\/#organization\",\"name\":\"STAS\",\"url\":\"https:\\\/\\\/www.stas.com\\\/en\\\/\",\"logo\":{\"@type\":\"ImageObject\",\"inLanguage\":\"en-US\",\"@id\":\"https:\\\/\\\/www.stas.com\\\/en\\\/#\\\/schema\\\/logo\\\/image\\\/\",\"url\":\"https:\\\/\\\/www.stas.com\\\/wp-content\\\/uploads\\\/2018\\\/08\\\/logo-color.png\",\"contentUrl\":\"https:\\\/\\\/www.stas.com\\\/wp-content\\\/uploads\\\/2018\\\/08\\\/logo-color.png\",\"width\":500,\"height\":146,\"caption\":\"STAS\"},\"image\":{\"@id\":\"https:\\\/\\\/www.stas.com\\\/en\\\/#\\\/schema\\\/logo\\\/image\\\/\"},\"sameAs\":[\"https:\\\/\\\/www.facebook.com\\\/stasinc\\\/?ref=br_rs\",\"https:\\\/\\\/www.linkedin.com\\\/company\\\/stas-inc-\\\/\",\"https:\\\/\\\/www.youtube.com\\\/channel\\\/UCZf5gGWX_s-NcYBJUH1tVQA\"]}]}<\/script>\n<!-- \/ Yoast SEO plugin. -->","yoast_head_json":{"title":"History | STAS","robots":{"index":"index","follow":"follow","max-snippet":"max-snippet:-1","max-image-preview":"max-image-preview:large","max-video-preview":"max-video-preview:-1"},"canonical":"https:\/\/www.stas.com\/en\/history\/","og_locale":"en_US","og_type":"article","og_title":"History | STAS","og_description":"Located in Saguenay Lac-St Jean, an aluminium producing region for nearly 100 years, the beginnings of STAS are closely linked to the proximity of a large aluminium smelter (ALCAN, today Rio Tinto) and a research center favoring the presence of hundreds of engineers and scientists. Initiated in 1994, thanks to a partnership between the Alcan... Read more &raquo;","og_url":"https:\/\/www.stas.com\/en\/history\/","og_site_name":"STAS","article_publisher":"https:\/\/www.facebook.com\/stasinc\/?ref=br_rs","article_modified_time":"2023-06-08T15:13:45+00:00","og_image":[{"width":1400,"height":787,"url":"https:\/\/www.stas.com\/wp-content\/uploads\/2019\/09\/stas-batiment-logo-1400x787.png","type":"image\/png"}],"twitter_card":"summary_large_image","twitter_misc":{"Est. reading time":"5 minutes"},"schema":{"@context":"https:\/\/schema.org","@graph":[{"@type":"WebPage","@id":"https:\/\/www.stas.com\/en\/history\/","url":"https:\/\/www.stas.com\/en\/history\/","name":"History | STAS","isPartOf":{"@id":"https:\/\/www.stas.com\/en\/#website"},"primaryImageOfPage":{"@id":"https:\/\/www.stas.com\/en\/history\/#primaryimage"},"image":{"@id":"https:\/\/www.stas.com\/en\/history\/#primaryimage"},"thumbnailUrl":"https:\/\/www.stas.com\/wp-content\/uploads\/2019\/09\/stas-batiment-logo.png","datePublished":"2019-10-04T12:13:50+00:00","dateModified":"2023-06-08T15:13:45+00:00","inLanguage":"en-US","potentialAction":[{"@type":"ReadAction","target":["https:\/\/www.stas.com\/en\/history\/"]}]},{"@type":"ImageObject","inLanguage":"en-US","@id":"https:\/\/www.stas.com\/en\/history\/#primaryimage","url":"https:\/\/www.stas.com\/wp-content\/uploads\/2019\/09\/stas-batiment-logo.png","contentUrl":"https:\/\/www.stas.com\/wp-content\/uploads\/2019\/09\/stas-batiment-logo.png","width":1920,"height":1079},{"@type":"WebSite","@id":"https:\/\/www.stas.com\/en\/#website","url":"https:\/\/www.stas.com\/en\/","name":"STAS","description":"\u00c9quipements sp\u00e9cialis\u00e9s pour l&#039;industrie de l&#039;aluminium","publisher":{"@id":"https:\/\/www.stas.com\/en\/#organization"},"potentialAction":[{"@type":"SearchAction","target":{"@type":"EntryPoint","urlTemplate":"https:\/\/www.stas.com\/en\/?s={search_term_string}"},"query-input":{"@type":"PropertyValueSpecification","valueRequired":true,"valueName":"search_term_string"}}],"inLanguage":"en-US"},{"@type":"Organization","@id":"https:\/\/www.stas.com\/en\/#organization","name":"STAS","url":"https:\/\/www.stas.com\/en\/","logo":{"@type":"ImageObject","inLanguage":"en-US","@id":"https:\/\/www.stas.com\/en\/#\/schema\/logo\/image\/","url":"https:\/\/www.stas.com\/wp-content\/uploads\/2018\/08\/logo-color.png","contentUrl":"https:\/\/www.stas.com\/wp-content\/uploads\/2018\/08\/logo-color.png","width":500,"height":146,"caption":"STAS"},"image":{"@id":"https:\/\/www.stas.com\/en\/#\/schema\/logo\/image\/"},"sameAs":["https:\/\/www.facebook.com\/stasinc\/?ref=br_rs","https:\/\/www.linkedin.com\/company\/stas-inc-\/","https:\/\/www.youtube.com\/channel\/UCZf5gGWX_s-NcYBJUH1tVQA"]}]}},"_links":{"self":[{"href":"https:\/\/www.stas.com\/en\/wp-json\/wp\/v2\/pages\/2811","targetHints":{"allow":["GET"]}}],"collection":[{"href":"https:\/\/www.stas.com\/en\/wp-json\/wp\/v2\/pages"}],"about":[{"href":"https:\/\/www.stas.com\/en\/wp-json\/wp\/v2\/types\/page"}],"author":[{"embeddable":true,"href":"https:\/\/www.stas.com\/en\/wp-json\/wp\/v2\/users\/18"}],"replies":[{"embeddable":true,"href":"https:\/\/www.stas.com\/en\/wp-json\/wp\/v2\/comments?post=2811"}],"version-history":[{"count":5,"href":"https:\/\/www.stas.com\/en\/wp-json\/wp\/v2\/pages\/2811\/revisions"}],"predecessor-version":[{"id":5372,"href":"https:\/\/www.stas.com\/en\/wp-json\/wp\/v2\/pages\/2811\/revisions\/5372"}],"wp:featuredmedia":[{"embeddable":true,"href":"https:\/\/www.stas.com\/en\/wp-json\/wp\/v2\/media\/2799"}],"wp:attachment":[{"href":"https:\/\/www.stas.com\/en\/wp-json\/wp\/v2\/media?parent=2811"}],"curies":[{"name":"wp","href":"https:\/\/api.w.org\/{rel}","templated":true}]}}