{"id":399,"date":"2018-07-12T15:06:28","date_gmt":"2018-07-12T19:06:28","guid":{"rendered":"https:\/\/www.stas.com\/?page_id=399"},"modified":"2025-05-16T08:47:02","modified_gmt":"2025-05-16T12:47:02","slug":"home","status":"publish","type":"page","link":"https:\/\/www.stas.com\/en\/","title":{"rendered":"Home"},"content":{"rendered":"<p><span class=\"blue\">STAS is a world leader in the supply of various equipment to improve the productivity and quality of aluminium. Aluminium producers that can benefit from our technologies range from primary smelters to secondary foundries to aluminium mills and extruders.<\/span><\/p>\n<p><a class=\"button\" href=\"https:\/\/www.stas.com\/en\/products\/metal-treatment-and-casthouse-technologies\/\">See our products<\/a><\/p>\n<p><a class=\"button\" href=\"https:\/\/www.stas.com\/wp-content\/uploads\/2025\/05\/feuillet-produits-stas_2025v02-en.pdf\" target=\"_blank\" rel=\"noopener\">Download our brochure<\/a><\/p>\n","protected":false},"excerpt":{"rendered":"<p>STAS is a world leader in the supply of various equipment to improve the productivity and quality of aluminium. Aluminium producers that can benefit from our technologies range from primary smelters to secondary foundries to aluminium mills and extruders. See our products Download our brochure<\/p>\n","protected":false},"author":1,"featured_media":2968,"parent":0,"menu_order":10,"comment_status":"closed","ping_status":"closed","template":"","meta":{"_acf_changed":false,"footnotes":""},"class_list":["post-399","page","type-page","status-publish","has-post-thumbnail","hentry"],"acf":[],"yoast_head":"<!-- This site is optimized with the Yoast SEO plugin v27.3 - https:\/\/yoast.com\/product\/yoast-seo-wordpress\/ -->\n<title>STAS | \u00c9quipements sp\u00e9cialis\u00e9s pour l&#039;industrie de l&#039;aluminium<\/title>\n<meta name=\"robots\" content=\"index, follow, max-snippet:-1, max-image-preview:large, max-video-preview:-1\" \/>\n<link rel=\"canonical\" href=\"https:\/\/www.stas.com\/en\/\" \/>\n<meta property=\"og:locale\" content=\"en_US\" \/>\n<meta property=\"og:type\" content=\"article\" \/>\n<meta property=\"og:title\" content=\"STAS | \u00c9quipements sp\u00e9cialis\u00e9s pour l&#039;industrie de l&#039;aluminium\" \/>\n<meta property=\"og:description\" content=\"STAS is a world leader in the supply of various equipment to improve the productivity and quality of aluminium. Aluminium producers that can benefit from our technologies range from primary smelters to secondary foundries to aluminium mills and extruders. See our products Download our brochure\" \/>\n<meta property=\"og:url\" content=\"https:\/\/www.stas.com\/en\/\" \/>\n<meta property=\"og:site_name\" content=\"STAS\" \/>\n<meta property=\"article:publisher\" content=\"https:\/\/www.facebook.com\/stasinc\/?ref=br_rs\" \/>\n<meta property=\"article:modified_time\" content=\"2025-05-16T12:47:02+00:00\" \/>\n<meta property=\"og:image\" content=\"https:\/\/www.stas.com\/wp-content\/uploads\/2019\/10\/electrique.jpg\" \/>\n\t<meta property=\"og:image:width\" content=\"1920\" \/>\n\t<meta property=\"og:image:height\" content=\"1080\" \/>\n\t<meta property=\"og:image:type\" content=\"image\/jpeg\" \/>\n<meta name=\"twitter:card\" content=\"summary_large_image\" \/>\n<meta name=\"twitter:label1\" content=\"Est. reading time\" \/>\n\t<meta name=\"twitter:data1\" content=\"2 minutes\" \/>\n<script type=\"application\/ld+json\" class=\"yoast-schema-graph\">{\"@context\":\"https:\\\/\\\/schema.org\",\"@graph\":[{\"@type\":\"WebPage\",\"@id\":\"https:\\\/\\\/www.stas.com\\\/en\\\/\",\"url\":\"https:\\\/\\\/www.stas.com\\\/en\\\/\",\"name\":\"STAS | \u00c9quipements sp\u00e9cialis\u00e9s pour l&#039;industrie de l&#039;aluminium\",\"isPartOf\":{\"@id\":\"https:\\\/\\\/www.stas.com\\\/en\\\/#website\"},\"primaryImageOfPage\":{\"@id\":\"https:\\\/\\\/www.stas.com\\\/en\\\/#primaryimage\"},\"image\":{\"@id\":\"https:\\\/\\\/www.stas.com\\\/en\\\/#primaryimage\"},\"thumbnailUrl\":\"https:\\\/\\\/www.stas.com\\\/wp-content\\\/uploads\\\/2019\\\/10\\\/electrique.jpg\",\"datePublished\":\"2018-07-12T19:06:28+00:00\",\"dateModified\":\"2025-05-16T12:47:02+00:00\",\"breadcrumb\":{\"@id\":\"https:\\\/\\\/www.stas.com\\\/en\\\/#breadcrumb\"},\"inLanguage\":\"en-US\",\"potentialAction\":[{\"@type\":\"ReadAction\",\"target\":[\"https:\\\/\\\/www.stas.com\\\/en\\\/\"]}]},{\"@type\":\"ImageObject\",\"inLanguage\":\"en-US\",\"@id\":\"https:\\\/\\\/www.stas.com\\\/en\\\/#primaryimage\",\"url\":\"https:\\\/\\\/www.stas.com\\\/wp-content\\\/uploads\\\/2019\\\/10\\\/electrique.jpg\",\"contentUrl\":\"https:\\\/\\\/www.stas.com\\\/wp-content\\\/uploads\\\/2019\\\/10\\\/electrique.jpg\",\"width\":1920,\"height\":1080},{\"@type\":\"BreadcrumbList\",\"@id\":\"https:\\\/\\\/www.stas.com\\\/en\\\/#breadcrumb\",\"itemListElement\":[]},{\"@type\":\"WebSite\",\"@id\":\"https:\\\/\\\/www.stas.com\\\/en\\\/#website\",\"url\":\"https:\\\/\\\/www.stas.com\\\/en\\\/\",\"name\":\"STAS\",\"description\":\"\u00c9quipements sp\u00e9cialis\u00e9s pour l&#039;industrie de l&#039;aluminium\",\"publisher\":{\"@id\":\"https:\\\/\\\/www.stas.com\\\/en\\\/#organization\"},\"potentialAction\":[{\"@type\":\"SearchAction\",\"target\":{\"@type\":\"EntryPoint\",\"urlTemplate\":\"https:\\\/\\\/www.stas.com\\\/en\\\/?s={search_term_string}\"},\"query-input\":{\"@type\":\"PropertyValueSpecification\",\"valueRequired\":true,\"valueName\":\"search_term_string\"}}],\"inLanguage\":\"en-US\"},{\"@type\":\"Organization\",\"@id\":\"https:\\\/\\\/www.stas.com\\\/en\\\/#organization\",\"name\":\"STAS\",\"url\":\"https:\\\/\\\/www.stas.com\\\/en\\\/\",\"logo\":{\"@type\":\"ImageObject\",\"inLanguage\":\"en-US\",\"@id\":\"https:\\\/\\\/www.stas.com\\\/en\\\/#\\\/schema\\\/logo\\\/image\\\/\",\"url\":\"https:\\\/\\\/www.stas.com\\\/wp-content\\\/uploads\\\/2018\\\/08\\\/logo-color.png\",\"contentUrl\":\"https:\\\/\\\/www.stas.com\\\/wp-content\\\/uploads\\\/2018\\\/08\\\/logo-color.png\",\"width\":500,\"height\":146,\"caption\":\"STAS\"},\"image\":{\"@id\":\"https:\\\/\\\/www.stas.com\\\/en\\\/#\\\/schema\\\/logo\\\/image\\\/\"},\"sameAs\":[\"https:\\\/\\\/www.facebook.com\\\/stasinc\\\/?ref=br_rs\",\"https:\\\/\\\/www.linkedin.com\\\/company\\\/stas-inc-\\\/\",\"https:\\\/\\\/www.youtube.com\\\/channel\\\/UCZf5gGWX_s-NcYBJUH1tVQA\"]}]}<\/script>\n<!-- \/ Yoast SEO plugin. -->","yoast_head_json":{"title":"STAS | \u00c9quipements sp\u00e9cialis\u00e9s pour l&#039;industrie de l&#039;aluminium","robots":{"index":"index","follow":"follow","max-snippet":"max-snippet:-1","max-image-preview":"max-image-preview:large","max-video-preview":"max-video-preview:-1"},"canonical":"https:\/\/www.stas.com\/en\/","og_locale":"en_US","og_type":"article","og_title":"STAS | \u00c9quipements sp\u00e9cialis\u00e9s pour l&#039;industrie de l&#039;aluminium","og_description":"STAS is a world leader in the supply of various equipment to improve the productivity and quality of aluminium. Aluminium producers that can benefit from our technologies range from primary smelters to secondary foundries to aluminium mills and extruders. See our products Download our brochure","og_url":"https:\/\/www.stas.com\/en\/","og_site_name":"STAS","article_publisher":"https:\/\/www.facebook.com\/stasinc\/?ref=br_rs","article_modified_time":"2025-05-16T12:47:02+00:00","og_image":[{"width":1920,"height":1080,"url":"https:\/\/www.stas.com\/wp-content\/uploads\/2019\/10\/electrique.jpg","type":"image\/jpeg"}],"twitter_card":"summary_large_image","twitter_misc":{"Est. reading time":"2 minutes"},"schema":{"@context":"https:\/\/schema.org","@graph":[{"@type":"WebPage","@id":"https:\/\/www.stas.com\/en\/","url":"https:\/\/www.stas.com\/en\/","name":"STAS | \u00c9quipements sp\u00e9cialis\u00e9s pour l&#039;industrie de l&#039;aluminium","isPartOf":{"@id":"https:\/\/www.stas.com\/en\/#website"},"primaryImageOfPage":{"@id":"https:\/\/www.stas.com\/en\/#primaryimage"},"image":{"@id":"https:\/\/www.stas.com\/en\/#primaryimage"},"thumbnailUrl":"https:\/\/www.stas.com\/wp-content\/uploads\/2019\/10\/electrique.jpg","datePublished":"2018-07-12T19:06:28+00:00","dateModified":"2025-05-16T12:47:02+00:00","breadcrumb":{"@id":"https:\/\/www.stas.com\/en\/#breadcrumb"},"inLanguage":"en-US","potentialAction":[{"@type":"ReadAction","target":["https:\/\/www.stas.com\/en\/"]}]},{"@type":"ImageObject","inLanguage":"en-US","@id":"https:\/\/www.stas.com\/en\/#primaryimage","url":"https:\/\/www.stas.com\/wp-content\/uploads\/2019\/10\/electrique.jpg","contentUrl":"https:\/\/www.stas.com\/wp-content\/uploads\/2019\/10\/electrique.jpg","width":1920,"height":1080},{"@type":"BreadcrumbList","@id":"https:\/\/www.stas.com\/en\/#breadcrumb","itemListElement":[]},{"@type":"WebSite","@id":"https:\/\/www.stas.com\/en\/#website","url":"https:\/\/www.stas.com\/en\/","name":"STAS","description":"\u00c9quipements sp\u00e9cialis\u00e9s pour l&#039;industrie de l&#039;aluminium","publisher":{"@id":"https:\/\/www.stas.com\/en\/#organization"},"potentialAction":[{"@type":"SearchAction","target":{"@type":"EntryPoint","urlTemplate":"https:\/\/www.stas.com\/en\/?s={search_term_string}"},"query-input":{"@type":"PropertyValueSpecification","valueRequired":true,"valueName":"search_term_string"}}],"inLanguage":"en-US"},{"@type":"Organization","@id":"https:\/\/www.stas.com\/en\/#organization","name":"STAS","url":"https:\/\/www.stas.com\/en\/","logo":{"@type":"ImageObject","inLanguage":"en-US","@id":"https:\/\/www.stas.com\/en\/#\/schema\/logo\/image\/","url":"https:\/\/www.stas.com\/wp-content\/uploads\/2018\/08\/logo-color.png","contentUrl":"https:\/\/www.stas.com\/wp-content\/uploads\/2018\/08\/logo-color.png","width":500,"height":146,"caption":"STAS"},"image":{"@id":"https:\/\/www.stas.com\/en\/#\/schema\/logo\/image\/"},"sameAs":["https:\/\/www.facebook.com\/stasinc\/?ref=br_rs","https:\/\/www.linkedin.com\/company\/stas-inc-\/","https:\/\/www.youtube.com\/channel\/UCZf5gGWX_s-NcYBJUH1tVQA"]}]}},"_links":{"self":[{"href":"https:\/\/www.stas.com\/en\/wp-json\/wp\/v2\/pages\/399","targetHints":{"allow":["GET"]}}],"collection":[{"href":"https:\/\/www.stas.com\/en\/wp-json\/wp\/v2\/pages"}],"about":[{"href":"https:\/\/www.stas.com\/en\/wp-json\/wp\/v2\/types\/page"}],"author":[{"embeddable":true,"href":"https:\/\/www.stas.com\/en\/wp-json\/wp\/v2\/users\/1"}],"replies":[{"embeddable":true,"href":"https:\/\/www.stas.com\/en\/wp-json\/wp\/v2\/comments?post=399"}],"version-history":[{"count":6,"href":"https:\/\/www.stas.com\/en\/wp-json\/wp\/v2\/pages\/399\/revisions"}],"predecessor-version":[{"id":5984,"href":"https:\/\/www.stas.com\/en\/wp-json\/wp\/v2\/pages\/399\/revisions\/5984"}],"wp:featuredmedia":[{"embeddable":true,"href":"https:\/\/www.stas.com\/en\/wp-json\/wp\/v2\/media\/2968"}],"wp:attachment":[{"href":"https:\/\/www.stas.com\/en\/wp-json\/wp\/v2\/media?parent=399"}],"curies":[{"name":"wp","href":"https:\/\/api.w.org\/{rel}","templated":true}]}}