{"id":412,"date":"2018-07-12T16:20:18","date_gmt":"2018-07-12T20:20:18","guid":{"rendered":"https:\/\/www.stas.com\/l-entreprise\/"},"modified":"2025-05-20T14:18:48","modified_gmt":"2025-05-20T18:18:48","slug":"company","status":"publish","type":"page","link":"https:\/\/www.stas.com\/en\/company\/","title":{"rendered":"The Company"},"content":{"rendered":"<p>STAS Inc. is a Canadian company specialized in the<br \/>\ndevelopment, fabrication and commercialisation of<br \/>\ninnovative process equipment for the aluminium<br \/>\nindustry since 1989.\u00a0<\/p>\n<p>\nWe are a world leader in providing various equipment to<br \/>\nimprove productivity and the quality of molten<br \/>\naluminium in several areas of the aluminium<br \/>\nproduction cycle: carbon, electrolysis, cathouse, crucible<br \/>\nshop, measuring and analysis.<\/p>\n<p>\nOur custom-made industrial solutions and quality<br \/>\nspecifications comply with world standards.<\/p>\n<p>Our equipment efficiently operates in dozens of countries.\u00a0<\/p>\n","protected":false},"excerpt":{"rendered":"<p>STAS Inc. is a Canadian company specialized in the development, fabrication and commercialisation of innovative process equipment for the aluminium industry since 1989.\u00a0 We are a world leader in providing various equipment to improve productivity and the quality of molten aluminium in several areas of the aluminium production cycle: carbon, electrolysis, cathouse, crucible shop, measuring&#8230;  <a class=\"excerpt-read-more\" href=\"https:\/\/www.stas.com\/en\/company\/\" title=\"Read The Company\">Read more &raquo;<\/a><\/p>\n","protected":false},"author":1,"featured_media":0,"parent":0,"menu_order":14,"comment_status":"closed","ping_status":"closed","template":"","meta":{"_acf_changed":false,"footnotes":""},"class_list":["post-412","page","type-page","status-publish","hentry"],"acf":[],"yoast_head":"<!-- This site is optimized with the Yoast SEO plugin v27.4 - https:\/\/yoast.com\/product\/yoast-seo-wordpress\/ -->\n<title>The Company | STAS<\/title>\n<meta name=\"robots\" content=\"index, follow, max-snippet:-1, max-image-preview:large, max-video-preview:-1\" \/>\n<link rel=\"canonical\" href=\"https:\/\/www.stas.com\/en\/company\/\" \/>\n<meta property=\"og:locale\" content=\"en_US\" \/>\n<meta property=\"og:type\" content=\"article\" \/>\n<meta property=\"og:title\" content=\"The Company | STAS\" \/>\n<meta property=\"og:description\" content=\"STAS Inc. is a Canadian company specialized in the development, fabrication and commercialisation of innovative process equipment for the aluminium industry since 1989.\u00a0 We are a world leader in providing various equipment to improve productivity and the quality of molten aluminium in several areas of the aluminium production cycle: carbon, electrolysis, cathouse, crucible shop, measuring... Read more &raquo;\" \/>\n<meta property=\"og:url\" content=\"https:\/\/www.stas.com\/en\/company\/\" \/>\n<meta property=\"og:site_name\" content=\"STAS\" \/>\n<meta property=\"article:publisher\" content=\"https:\/\/www.facebook.com\/stasinc\/?ref=br_rs\" \/>\n<meta property=\"article:modified_time\" content=\"2025-05-20T18:18:48+00:00\" \/>\n<meta property=\"og:image\" content=\"https:\/\/www.stas.com\/wp-content\/uploads\/2018\/07\/istock-502300201.jpg\" \/>\n\t<meta property=\"og:image:width\" content=\"1920\" \/>\n\t<meta property=\"og:image:height\" content=\"1280\" \/>\n\t<meta property=\"og:image:type\" content=\"image\/jpeg\" \/>\n<meta name=\"twitter:card\" content=\"summary_large_image\" \/>\n<script type=\"application\/ld+json\" class=\"yoast-schema-graph\">{\"@context\":\"https:\\\/\\\/schema.org\",\"@graph\":[{\"@type\":\"WebPage\",\"@id\":\"https:\\\/\\\/www.stas.com\\\/en\\\/company\\\/\",\"url\":\"https:\\\/\\\/www.stas.com\\\/en\\\/company\\\/\",\"name\":\"The Company | STAS\",\"isPartOf\":{\"@id\":\"https:\\\/\\\/www.stas.com\\\/en\\\/#website\"},\"datePublished\":\"2018-07-12T20:20:18+00:00\",\"dateModified\":\"2025-05-20T18:18:48+00:00\",\"inLanguage\":\"en-US\",\"potentialAction\":[{\"@type\":\"ReadAction\",\"target\":[\"https:\\\/\\\/www.stas.com\\\/en\\\/company\\\/\"]}]},{\"@type\":\"WebSite\",\"@id\":\"https:\\\/\\\/www.stas.com\\\/en\\\/#website\",\"url\":\"https:\\\/\\\/www.stas.com\\\/en\\\/\",\"name\":\"STAS\",\"description\":\"\u00c9quipements sp\u00e9cialis\u00e9s pour l&#039;industrie de l&#039;aluminium\",\"publisher\":{\"@id\":\"https:\\\/\\\/www.stas.com\\\/en\\\/#organization\"},\"potentialAction\":[{\"@type\":\"SearchAction\",\"target\":{\"@type\":\"EntryPoint\",\"urlTemplate\":\"https:\\\/\\\/www.stas.com\\\/en\\\/?s={search_term_string}\"},\"query-input\":{\"@type\":\"PropertyValueSpecification\",\"valueRequired\":true,\"valueName\":\"search_term_string\"}}],\"inLanguage\":\"en-US\"},{\"@type\":\"Organization\",\"@id\":\"https:\\\/\\\/www.stas.com\\\/en\\\/#organization\",\"name\":\"STAS\",\"url\":\"https:\\\/\\\/www.stas.com\\\/en\\\/\",\"logo\":{\"@type\":\"ImageObject\",\"inLanguage\":\"en-US\",\"@id\":\"https:\\\/\\\/www.stas.com\\\/en\\\/#\\\/schema\\\/logo\\\/image\\\/\",\"url\":\"https:\\\/\\\/www.stas.com\\\/wp-content\\\/uploads\\\/2018\\\/08\\\/logo-color.png\",\"contentUrl\":\"https:\\\/\\\/www.stas.com\\\/wp-content\\\/uploads\\\/2018\\\/08\\\/logo-color.png\",\"width\":500,\"height\":146,\"caption\":\"STAS\"},\"image\":{\"@id\":\"https:\\\/\\\/www.stas.com\\\/en\\\/#\\\/schema\\\/logo\\\/image\\\/\"},\"sameAs\":[\"https:\\\/\\\/www.facebook.com\\\/stasinc\\\/?ref=br_rs\",\"https:\\\/\\\/www.linkedin.com\\\/company\\\/stas-inc-\\\/\",\"https:\\\/\\\/www.youtube.com\\\/channel\\\/UCZf5gGWX_s-NcYBJUH1tVQA\"]}]}<\/script>\n<!-- \/ Yoast SEO plugin. -->","yoast_head_json":{"title":"The Company | STAS","robots":{"index":"index","follow":"follow","max-snippet":"max-snippet:-1","max-image-preview":"max-image-preview:large","max-video-preview":"max-video-preview:-1"},"canonical":"https:\/\/www.stas.com\/en\/company\/","og_locale":"en_US","og_type":"article","og_title":"The Company | STAS","og_description":"STAS Inc. is a Canadian company specialized in the development, fabrication and commercialisation of innovative process equipment for the aluminium industry since 1989.\u00a0 We are a world leader in providing various equipment to improve productivity and the quality of molten aluminium in several areas of the aluminium production cycle: carbon, electrolysis, cathouse, crucible shop, measuring... Read more &raquo;","og_url":"https:\/\/www.stas.com\/en\/company\/","og_site_name":"STAS","article_publisher":"https:\/\/www.facebook.com\/stasinc\/?ref=br_rs","article_modified_time":"2025-05-20T18:18:48+00:00","og_image":[{"width":1920,"height":1280,"url":"https:\/\/www.stas.com\/wp-content\/uploads\/2018\/07\/istock-502300201.jpg","type":"image\/jpeg"}],"twitter_card":"summary_large_image","schema":{"@context":"https:\/\/schema.org","@graph":[{"@type":"WebPage","@id":"https:\/\/www.stas.com\/en\/company\/","url":"https:\/\/www.stas.com\/en\/company\/","name":"The Company | STAS","isPartOf":{"@id":"https:\/\/www.stas.com\/en\/#website"},"datePublished":"2018-07-12T20:20:18+00:00","dateModified":"2025-05-20T18:18:48+00:00","inLanguage":"en-US","potentialAction":[{"@type":"ReadAction","target":["https:\/\/www.stas.com\/en\/company\/"]}]},{"@type":"WebSite","@id":"https:\/\/www.stas.com\/en\/#website","url":"https:\/\/www.stas.com\/en\/","name":"STAS","description":"\u00c9quipements sp\u00e9cialis\u00e9s pour l&#039;industrie de l&#039;aluminium","publisher":{"@id":"https:\/\/www.stas.com\/en\/#organization"},"potentialAction":[{"@type":"SearchAction","target":{"@type":"EntryPoint","urlTemplate":"https:\/\/www.stas.com\/en\/?s={search_term_string}"},"query-input":{"@type":"PropertyValueSpecification","valueRequired":true,"valueName":"search_term_string"}}],"inLanguage":"en-US"},{"@type":"Organization","@id":"https:\/\/www.stas.com\/en\/#organization","name":"STAS","url":"https:\/\/www.stas.com\/en\/","logo":{"@type":"ImageObject","inLanguage":"en-US","@id":"https:\/\/www.stas.com\/en\/#\/schema\/logo\/image\/","url":"https:\/\/www.stas.com\/wp-content\/uploads\/2018\/08\/logo-color.png","contentUrl":"https:\/\/www.stas.com\/wp-content\/uploads\/2018\/08\/logo-color.png","width":500,"height":146,"caption":"STAS"},"image":{"@id":"https:\/\/www.stas.com\/en\/#\/schema\/logo\/image\/"},"sameAs":["https:\/\/www.facebook.com\/stasinc\/?ref=br_rs","https:\/\/www.linkedin.com\/company\/stas-inc-\/","https:\/\/www.youtube.com\/channel\/UCZf5gGWX_s-NcYBJUH1tVQA"]}]}},"_links":{"self":[{"href":"https:\/\/www.stas.com\/en\/wp-json\/wp\/v2\/pages\/412","targetHints":{"allow":["GET"]}}],"collection":[{"href":"https:\/\/www.stas.com\/en\/wp-json\/wp\/v2\/pages"}],"about":[{"href":"https:\/\/www.stas.com\/en\/wp-json\/wp\/v2\/types\/page"}],"author":[{"embeddable":true,"href":"https:\/\/www.stas.com\/en\/wp-json\/wp\/v2\/users\/1"}],"replies":[{"embeddable":true,"href":"https:\/\/www.stas.com\/en\/wp-json\/wp\/v2\/comments?post=412"}],"version-history":[{"count":5,"href":"https:\/\/www.stas.com\/en\/wp-json\/wp\/v2\/pages\/412\/revisions"}],"predecessor-version":[{"id":5999,"href":"https:\/\/www.stas.com\/en\/wp-json\/wp\/v2\/pages\/412\/revisions\/5999"}],"wp:attachment":[{"href":"https:\/\/www.stas.com\/en\/wp-json\/wp\/v2\/media?parent=412"}],"curies":[{"name":"wp","href":"https:\/\/api.w.org\/{rel}","templated":true}]}}