{"id":413,"date":"2018-08-15T11:49:41","date_gmt":"2018-08-15T15:49:41","guid":{"rendered":"https:\/\/www.stas.com\/l-entreprise\/partenaires-page\/"},"modified":"2025-09-02T11:15:53","modified_gmt":"2025-09-02T15:15:53","slug":"partners","status":"publish","type":"page","link":"https:\/\/www.stas.com\/en\/company\/partners\/","title":{"rendered":"Partners"},"content":{"rendered":"<p>At <strong data-start=\"56\" data-end=\"64\">STAS<\/strong>, we maintain strong and privileged relationships with trusted partners, carefully selected for their expertise and complementarity. Thanks to this strategic network, we are able to ensure maximum coverage of our services and effectively meet the needs of our clients, no matter where they are in the world. These partnerships allow us to combine innovation, proximity, and excellence in order to deliver sustainable solutions tailored to local realities, while upholding the highest quality standards on a global scale.<\/p>\n","protected":false},"excerpt":{"rendered":"<p>At STAS, we maintain strong and privileged relationships with trusted partners, carefully selected for their expertise and complementarity. Thanks to this strategic network, we are able to ensure maximum coverage of our services and effectively meet the needs of our clients, no matter where they are in the world. These partnerships allow us to combine&#8230;  <a class=\"excerpt-read-more\" href=\"https:\/\/www.stas.com\/en\/company\/partners\/\" title=\"Read Partners\">Read more &raquo;<\/a><\/p>\n","protected":false},"author":1,"featured_media":3707,"parent":412,"menu_order":12,"comment_status":"closed","ping_status":"closed","template":"","meta":{"_acf_changed":false,"footnotes":""},"class_list":["post-413","page","type-page","status-publish","has-post-thumbnail","hentry"],"acf":[],"yoast_head":"<!-- This site is optimized with the Yoast SEO plugin v27.3 - https:\/\/yoast.com\/product\/yoast-seo-wordpress\/ -->\n<title>Partners | STAS<\/title>\n<meta name=\"robots\" content=\"index, follow, max-snippet:-1, max-image-preview:large, max-video-preview:-1\" \/>\n<link rel=\"canonical\" href=\"https:\/\/www.stas.com\/en\/company\/partners\/\" \/>\n<meta property=\"og:locale\" content=\"en_US\" \/>\n<meta property=\"og:type\" content=\"article\" \/>\n<meta property=\"og:title\" content=\"Partners | STAS\" \/>\n<meta property=\"og:description\" content=\"At STAS, we maintain strong and privileged relationships with trusted partners, carefully selected for their expertise and complementarity. Thanks to this strategic network, we are able to ensure maximum coverage of our services and effectively meet the needs of our clients, no matter where they are in the world. These partnerships allow us to combine... Read more &raquo;\" \/>\n<meta property=\"og:url\" content=\"https:\/\/www.stas.com\/en\/company\/partners\/\" \/>\n<meta property=\"og:site_name\" content=\"STAS\" \/>\n<meta property=\"article:publisher\" content=\"https:\/\/www.facebook.com\/stasinc\/?ref=br_rs\" \/>\n<meta property=\"article:modified_time\" content=\"2025-09-02T15:15:53+00:00\" \/>\n<meta property=\"og:image\" content=\"https:\/\/www.stas.com\/wp-content\/uploads\/2021\/06\/rh-directeur-1.jpeg\" \/>\n\t<meta property=\"og:image:width\" content=\"1920\" \/>\n\t<meta property=\"og:image:height\" content=\"1280\" \/>\n\t<meta property=\"og:image:type\" content=\"image\/jpeg\" \/>\n<meta name=\"twitter:card\" content=\"summary_large_image\" \/>\n<meta name=\"twitter:label1\" content=\"Est. reading time\" \/>\n\t<meta name=\"twitter:data1\" content=\"1 minute\" \/>\n<script type=\"application\/ld+json\" class=\"yoast-schema-graph\">{\"@context\":\"https:\\\/\\\/schema.org\",\"@graph\":[{\"@type\":\"WebPage\",\"@id\":\"https:\\\/\\\/www.stas.com\\\/en\\\/company\\\/partners\\\/\",\"url\":\"https:\\\/\\\/www.stas.com\\\/en\\\/company\\\/partners\\\/\",\"name\":\"Partners | STAS\",\"isPartOf\":{\"@id\":\"https:\\\/\\\/www.stas.com\\\/en\\\/#website\"},\"primaryImageOfPage\":{\"@id\":\"https:\\\/\\\/www.stas.com\\\/en\\\/company\\\/partners\\\/#primaryimage\"},\"image\":{\"@id\":\"https:\\\/\\\/www.stas.com\\\/en\\\/company\\\/partners\\\/#primaryimage\"},\"thumbnailUrl\":\"https:\\\/\\\/www.stas.com\\\/wp-content\\\/uploads\\\/2021\\\/06\\\/rh-directeur-1.jpeg\",\"datePublished\":\"2018-08-15T15:49:41+00:00\",\"dateModified\":\"2025-09-02T15:15:53+00:00\",\"breadcrumb\":{\"@id\":\"https:\\\/\\\/www.stas.com\\\/en\\\/company\\\/partners\\\/#breadcrumb\"},\"inLanguage\":\"en-US\",\"potentialAction\":[{\"@type\":\"ReadAction\",\"target\":[\"https:\\\/\\\/www.stas.com\\\/en\\\/company\\\/partners\\\/\"]}]},{\"@type\":\"ImageObject\",\"inLanguage\":\"en-US\",\"@id\":\"https:\\\/\\\/www.stas.com\\\/en\\\/company\\\/partners\\\/#primaryimage\",\"url\":\"https:\\\/\\\/www.stas.com\\\/wp-content\\\/uploads\\\/2021\\\/06\\\/rh-directeur-1.jpeg\",\"contentUrl\":\"https:\\\/\\\/www.stas.com\\\/wp-content\\\/uploads\\\/2021\\\/06\\\/rh-directeur-1.jpeg\",\"width\":1920,\"height\":1280},{\"@type\":\"BreadcrumbList\",\"@id\":\"https:\\\/\\\/www.stas.com\\\/en\\\/company\\\/partners\\\/#breadcrumb\",\"itemListElement\":[{\"@type\":\"ListItem\",\"position\":1,\"name\":\"The Company\",\"item\":\"https:\\\/\\\/www.stas.com\\\/en\\\/company\\\/\"},{\"@type\":\"ListItem\",\"position\":2,\"name\":\"Partners\"}]},{\"@type\":\"WebSite\",\"@id\":\"https:\\\/\\\/www.stas.com\\\/en\\\/#website\",\"url\":\"https:\\\/\\\/www.stas.com\\\/en\\\/\",\"name\":\"STAS\",\"description\":\"\u00c9quipements sp\u00e9cialis\u00e9s pour l&#039;industrie de l&#039;aluminium\",\"publisher\":{\"@id\":\"https:\\\/\\\/www.stas.com\\\/en\\\/#organization\"},\"potentialAction\":[{\"@type\":\"SearchAction\",\"target\":{\"@type\":\"EntryPoint\",\"urlTemplate\":\"https:\\\/\\\/www.stas.com\\\/en\\\/?s={search_term_string}\"},\"query-input\":{\"@type\":\"PropertyValueSpecification\",\"valueRequired\":true,\"valueName\":\"search_term_string\"}}],\"inLanguage\":\"en-US\"},{\"@type\":\"Organization\",\"@id\":\"https:\\\/\\\/www.stas.com\\\/en\\\/#organization\",\"name\":\"STAS\",\"url\":\"https:\\\/\\\/www.stas.com\\\/en\\\/\",\"logo\":{\"@type\":\"ImageObject\",\"inLanguage\":\"en-US\",\"@id\":\"https:\\\/\\\/www.stas.com\\\/en\\\/#\\\/schema\\\/logo\\\/image\\\/\",\"url\":\"https:\\\/\\\/www.stas.com\\\/wp-content\\\/uploads\\\/2018\\\/08\\\/logo-color.png\",\"contentUrl\":\"https:\\\/\\\/www.stas.com\\\/wp-content\\\/uploads\\\/2018\\\/08\\\/logo-color.png\",\"width\":500,\"height\":146,\"caption\":\"STAS\"},\"image\":{\"@id\":\"https:\\\/\\\/www.stas.com\\\/en\\\/#\\\/schema\\\/logo\\\/image\\\/\"},\"sameAs\":[\"https:\\\/\\\/www.facebook.com\\\/stasinc\\\/?ref=br_rs\",\"https:\\\/\\\/www.linkedin.com\\\/company\\\/stas-inc-\\\/\",\"https:\\\/\\\/www.youtube.com\\\/channel\\\/UCZf5gGWX_s-NcYBJUH1tVQA\"]}]}<\/script>\n<!-- \/ Yoast SEO plugin. -->","yoast_head_json":{"title":"Partners | STAS","robots":{"index":"index","follow":"follow","max-snippet":"max-snippet:-1","max-image-preview":"max-image-preview:large","max-video-preview":"max-video-preview:-1"},"canonical":"https:\/\/www.stas.com\/en\/company\/partners\/","og_locale":"en_US","og_type":"article","og_title":"Partners | STAS","og_description":"At STAS, we maintain strong and privileged relationships with trusted partners, carefully selected for their expertise and complementarity. Thanks to this strategic network, we are able to ensure maximum coverage of our services and effectively meet the needs of our clients, no matter where they are in the world. These partnerships allow us to combine... Read more &raquo;","og_url":"https:\/\/www.stas.com\/en\/company\/partners\/","og_site_name":"STAS","article_publisher":"https:\/\/www.facebook.com\/stasinc\/?ref=br_rs","article_modified_time":"2025-09-02T15:15:53+00:00","og_image":[{"width":1920,"height":1280,"url":"https:\/\/www.stas.com\/wp-content\/uploads\/2021\/06\/rh-directeur-1.jpeg","type":"image\/jpeg"}],"twitter_card":"summary_large_image","twitter_misc":{"Est. reading time":"1 minute"},"schema":{"@context":"https:\/\/schema.org","@graph":[{"@type":"WebPage","@id":"https:\/\/www.stas.com\/en\/company\/partners\/","url":"https:\/\/www.stas.com\/en\/company\/partners\/","name":"Partners | STAS","isPartOf":{"@id":"https:\/\/www.stas.com\/en\/#website"},"primaryImageOfPage":{"@id":"https:\/\/www.stas.com\/en\/company\/partners\/#primaryimage"},"image":{"@id":"https:\/\/www.stas.com\/en\/company\/partners\/#primaryimage"},"thumbnailUrl":"https:\/\/www.stas.com\/wp-content\/uploads\/2021\/06\/rh-directeur-1.jpeg","datePublished":"2018-08-15T15:49:41+00:00","dateModified":"2025-09-02T15:15:53+00:00","breadcrumb":{"@id":"https:\/\/www.stas.com\/en\/company\/partners\/#breadcrumb"},"inLanguage":"en-US","potentialAction":[{"@type":"ReadAction","target":["https:\/\/www.stas.com\/en\/company\/partners\/"]}]},{"@type":"ImageObject","inLanguage":"en-US","@id":"https:\/\/www.stas.com\/en\/company\/partners\/#primaryimage","url":"https:\/\/www.stas.com\/wp-content\/uploads\/2021\/06\/rh-directeur-1.jpeg","contentUrl":"https:\/\/www.stas.com\/wp-content\/uploads\/2021\/06\/rh-directeur-1.jpeg","width":1920,"height":1280},{"@type":"BreadcrumbList","@id":"https:\/\/www.stas.com\/en\/company\/partners\/#breadcrumb","itemListElement":[{"@type":"ListItem","position":1,"name":"The Company","item":"https:\/\/www.stas.com\/en\/company\/"},{"@type":"ListItem","position":2,"name":"Partners"}]},{"@type":"WebSite","@id":"https:\/\/www.stas.com\/en\/#website","url":"https:\/\/www.stas.com\/en\/","name":"STAS","description":"\u00c9quipements sp\u00e9cialis\u00e9s pour l&#039;industrie de l&#039;aluminium","publisher":{"@id":"https:\/\/www.stas.com\/en\/#organization"},"potentialAction":[{"@type":"SearchAction","target":{"@type":"EntryPoint","urlTemplate":"https:\/\/www.stas.com\/en\/?s={search_term_string}"},"query-input":{"@type":"PropertyValueSpecification","valueRequired":true,"valueName":"search_term_string"}}],"inLanguage":"en-US"},{"@type":"Organization","@id":"https:\/\/www.stas.com\/en\/#organization","name":"STAS","url":"https:\/\/www.stas.com\/en\/","logo":{"@type":"ImageObject","inLanguage":"en-US","@id":"https:\/\/www.stas.com\/en\/#\/schema\/logo\/image\/","url":"https:\/\/www.stas.com\/wp-content\/uploads\/2018\/08\/logo-color.png","contentUrl":"https:\/\/www.stas.com\/wp-content\/uploads\/2018\/08\/logo-color.png","width":500,"height":146,"caption":"STAS"},"image":{"@id":"https:\/\/www.stas.com\/en\/#\/schema\/logo\/image\/"},"sameAs":["https:\/\/www.facebook.com\/stasinc\/?ref=br_rs","https:\/\/www.linkedin.com\/company\/stas-inc-\/","https:\/\/www.youtube.com\/channel\/UCZf5gGWX_s-NcYBJUH1tVQA"]}]}},"_links":{"self":[{"href":"https:\/\/www.stas.com\/en\/wp-json\/wp\/v2\/pages\/413","targetHints":{"allow":["GET"]}}],"collection":[{"href":"https:\/\/www.stas.com\/en\/wp-json\/wp\/v2\/pages"}],"about":[{"href":"https:\/\/www.stas.com\/en\/wp-json\/wp\/v2\/types\/page"}],"author":[{"embeddable":true,"href":"https:\/\/www.stas.com\/en\/wp-json\/wp\/v2\/users\/1"}],"replies":[{"embeddable":true,"href":"https:\/\/www.stas.com\/en\/wp-json\/wp\/v2\/comments?post=413"}],"version-history":[{"count":6,"href":"https:\/\/www.stas.com\/en\/wp-json\/wp\/v2\/pages\/413\/revisions"}],"predecessor-version":[{"id":6026,"href":"https:\/\/www.stas.com\/en\/wp-json\/wp\/v2\/pages\/413\/revisions\/6026"}],"up":[{"embeddable":true,"href":"https:\/\/www.stas.com\/en\/wp-json\/wp\/v2\/pages\/412"}],"wp:featuredmedia":[{"embeddable":true,"href":"https:\/\/www.stas.com\/en\/wp-json\/wp\/v2\/media\/3707"}],"wp:attachment":[{"href":"https:\/\/www.stas.com\/en\/wp-json\/wp\/v2\/media?parent=413"}],"curies":[{"name":"wp","href":"https:\/\/api.w.org\/{rel}","templated":true}]}}