{"id":414,"date":"2018-07-12T16:22:01","date_gmt":"2018-07-12T20:22:01","guid":{"rendered":"https:\/\/www.stas.com\/l-entreprise\/profil\/"},"modified":"2025-09-16T13:27:05","modified_gmt":"2025-09-16T17:27:05","slug":"profile-and-vision-values","status":"publish","type":"page","link":"https:\/\/www.stas.com\/en\/company\/profile-and-vision-values\/","title":{"rendered":"Profile and vision\/values"},"content":{"rendered":"<p>STAS Inc. is a Canadian based company specialized in the development, fabrication and commercialisation of process equipment for the global aluminium industry for 35 years. Our head office is located in Chicoutimi, in the Saguenay Lac St-Jean region, one of the world capitals for aluminium production.\u00a0<\/p>\n<p>&nbsp;<\/p>\n<p>The equipment offered by STAS is covering various segments of the aluminium industry:<\/p>\n<p>\n\u2022 Casthouse technologies and metal treatment processes, which include world-leading technologies such as the ACD (Aluminium Compact Degasser), the RFI (Rotary Flux Injector), the AIR (Aluminum In-line Refiner), the TAC (Treatment of Aluminium in Crucible), the DBF (Deep Bed Filtration), the IGDC (Inert Gas Dross Cooler), the ACS (Aluminium Crucible Skimmer), the BSI 3D (Billet Surface Inspection). Recently, we added also the ACF (Advanced compact Filter) to our portefolio, thanks to a development partnership with Rio Tinto.<\/p>\n<p>\n\u2022 Molten metal handling technologies, which include crucible cleaners, siphon tube cleaners and crucible preheating systems.<\/p>\n<p>\n\u2022 Aluminium solidification technologies, which include the ICS (Ingot Casting System) and the SCS (Sow Casting Systems).<\/p>\n<p>\n\u2022 Smelter technologies, which include the STARprobe\u2122, the Pot Ramming Machine, fume hoods to reduce HF emissions, anode positioning systems, anode stub inspection ASIS3D, anode butt inspection ABIS3D, Anode Rod Laser Marking and Tracking systems.<\/p>\n<p>\n\u2022 Laboratory equipment dedicated to the control and characterisation of raw materials for the primary aluminium industry.<\/p>\n<p>\n\u2022 Automation and robotics, which includes programming (levels 0 to 5), process control, plant support, training, secondment of staff. The team is made up of about twenty professionals with a recognized expertise in many fields from the start-up of single machines to the programming standards in major projects.<\/p>\n<p>\n\u2022 Engineering, which includes feasibility studies, design\/detail\/installation engineering, project management, safety and ergonomic reviews, design of custom\u2011made equipment, R&amp;D in new technologies, etc. Our engineering personnel ranks amongst the most experienced in all fields (mechanical, electrical, automation, industrial).<\/p>\n<p>\n<\/p>\n<p>With hundreds of equipment units installed in nearly 40 countries, we are proud to be a leading supplier for the global aluminium industry.\u00a0<\/p>\n<p>&nbsp;<\/p>\n<h2>Why<\/h2>\n<p>Accelerate the progress of producers of the industrial sector to have a positive and lasting impact on society.<\/p>\n<hr \/>\n<h2>BHAG (Big Hairy Audacious Goal)<\/h2>\n<p>Create from A to Z an efficient and intelligent factory for producers in the industrial sector.<\/p>\n<hr \/>\n<h2>Values<\/h2>\n<p>Our work is guided by the values of respect, creativity, enjoyment, family and customer satisfaction<\/p>\n<p>We provide our employees with working conditions respecting their needs, such as\u00a0<span lang=\"EN-CA\">work-family<\/span><span lang=\"EN-CA\">\u00a0balance.<\/span><\/p>\n<p class=\"editor-clearfix\">\u00a0<\/p>\n<div class=\"two-columns ei\">\n<h3>Respect<\/h3>\n<p>We show consideration to one another and we recognise each other&#8217;s differences.<\/p>\n<h3>Creativity<\/h3>\n<p>Our business is driven by our creativity and innovative spirit. By better understanding customer expectations and unceasingly working to innovate and improve products and processes, STAS will continue to be a leading manufacturer for the aluminium industry.<\/p>\n<h3>Enjoyment<\/h3>\n<p>Without enjoyment at work, we would not be able to achieve our objectives.\u00a0 The enjoyment we have as a team is one of the main reasons we come to work every day.\u00a0\u00a0<\/p>\n<h3>Family<\/h3>\n<p>STAS is family company on several levels. We are family-owned, but we share a common sense of family as well. It is common to find fathers and sons, husbands and wives, and brothers and sisters working in our offices.\u00a0 We provide our employees with conditions that respect their needs, such as work\u2011life balance.<\/p>\n<h3>Customer satisfaction<\/h3>\n<p>We understand the needs and expectations of our customers and go out of our way to meet these in everything we do. We support the success of our customers by creating exceptional value through innovative product solutions.<\/p>\n<\/div>\n","protected":false},"excerpt":{"rendered":"<p>STAS Inc. is a Canadian based company specialized in the development, fabrication and commercialisation of process equipment for the global aluminium industry for 35 years. Our head office is located in Chicoutimi, in the Saguenay Lac St-Jean region, one of the world capitals for aluminium production.\u00a0 &nbsp; The equipment offered by STAS is covering various&#8230;  <a class=\"excerpt-read-more\" href=\"https:\/\/www.stas.com\/en\/company\/profile-and-vision-values\/\" title=\"Read Profile and vision\/values\">Read more &raquo;<\/a><\/p>\n","protected":false},"author":1,"featured_media":0,"parent":412,"menu_order":11,"comment_status":"closed","ping_status":"closed","template":"","meta":{"_acf_changed":false,"footnotes":""},"class_list":["post-414","page","type-page","status-publish","hentry"],"acf":[],"yoast_head":"<!-- This site is optimized with the Yoast SEO plugin v27.3 - https:\/\/yoast.com\/product\/yoast-seo-wordpress\/ -->\n<title>Profile and vision\/values | STAS<\/title>\n<meta name=\"robots\" content=\"index, follow, max-snippet:-1, max-image-preview:large, max-video-preview:-1\" \/>\n<link rel=\"canonical\" href=\"https:\/\/www.stas.com\/en\/company\/profile-and-vision-values\/\" \/>\n<meta property=\"og:locale\" content=\"en_US\" \/>\n<meta property=\"og:type\" content=\"article\" \/>\n<meta property=\"og:title\" content=\"Profile and vision\/values | STAS\" \/>\n<meta property=\"og:description\" content=\"STAS Inc. is a Canadian based company specialized in the development, fabrication and commercialisation of process equipment for the global aluminium industry for 35 years. Our head office is located in Chicoutimi, in the Saguenay Lac St-Jean region, one of the world capitals for aluminium production.\u00a0 &nbsp; The equipment offered by STAS is covering various... Read more &raquo;\" \/>\n<meta property=\"og:url\" content=\"https:\/\/www.stas.com\/en\/company\/profile-and-vision-values\/\" \/>\n<meta property=\"og:site_name\" content=\"STAS\" \/>\n<meta property=\"article:publisher\" content=\"https:\/\/www.facebook.com\/stasinc\/?ref=br_rs\" \/>\n<meta property=\"article:modified_time\" content=\"2025-09-16T17:27:05+00:00\" \/>\n<meta property=\"og:image\" content=\"https:\/\/www.stas.com\/wp-content\/uploads\/2018\/07\/istock-502300201.jpg\" \/>\n\t<meta property=\"og:image:width\" content=\"1920\" \/>\n\t<meta property=\"og:image:height\" content=\"1280\" \/>\n\t<meta property=\"og:image:type\" content=\"image\/jpeg\" \/>\n<meta name=\"twitter:card\" content=\"summary_large_image\" \/>\n<meta name=\"twitter:label1\" content=\"Est. reading time\" \/>\n\t<meta name=\"twitter:data1\" content=\"3 minutes\" \/>\n<script type=\"application\/ld+json\" class=\"yoast-schema-graph\">{\"@context\":\"https:\\\/\\\/schema.org\",\"@graph\":[{\"@type\":\"WebPage\",\"@id\":\"https:\\\/\\\/www.stas.com\\\/en\\\/company\\\/profile-and-vision-values\\\/\",\"url\":\"https:\\\/\\\/www.stas.com\\\/en\\\/company\\\/profile-and-vision-values\\\/\",\"name\":\"Profile and vision\\\/values | STAS\",\"isPartOf\":{\"@id\":\"https:\\\/\\\/www.stas.com\\\/en\\\/#website\"},\"datePublished\":\"2018-07-12T20:22:01+00:00\",\"dateModified\":\"2025-09-16T17:27:05+00:00\",\"breadcrumb\":{\"@id\":\"https:\\\/\\\/www.stas.com\\\/en\\\/company\\\/profile-and-vision-values\\\/#breadcrumb\"},\"inLanguage\":\"en-US\",\"potentialAction\":[{\"@type\":\"ReadAction\",\"target\":[\"https:\\\/\\\/www.stas.com\\\/en\\\/company\\\/profile-and-vision-values\\\/\"]}]},{\"@type\":\"BreadcrumbList\",\"@id\":\"https:\\\/\\\/www.stas.com\\\/en\\\/company\\\/profile-and-vision-values\\\/#breadcrumb\",\"itemListElement\":[{\"@type\":\"ListItem\",\"position\":1,\"name\":\"The Company\",\"item\":\"https:\\\/\\\/www.stas.com\\\/en\\\/company\\\/\"},{\"@type\":\"ListItem\",\"position\":2,\"name\":\"Profile and vision\\\/values\"}]},{\"@type\":\"WebSite\",\"@id\":\"https:\\\/\\\/www.stas.com\\\/en\\\/#website\",\"url\":\"https:\\\/\\\/www.stas.com\\\/en\\\/\",\"name\":\"STAS\",\"description\":\"\u00c9quipements sp\u00e9cialis\u00e9s pour l&#039;industrie de l&#039;aluminium\",\"publisher\":{\"@id\":\"https:\\\/\\\/www.stas.com\\\/en\\\/#organization\"},\"potentialAction\":[{\"@type\":\"SearchAction\",\"target\":{\"@type\":\"EntryPoint\",\"urlTemplate\":\"https:\\\/\\\/www.stas.com\\\/en\\\/?s={search_term_string}\"},\"query-input\":{\"@type\":\"PropertyValueSpecification\",\"valueRequired\":true,\"valueName\":\"search_term_string\"}}],\"inLanguage\":\"en-US\"},{\"@type\":\"Organization\",\"@id\":\"https:\\\/\\\/www.stas.com\\\/en\\\/#organization\",\"name\":\"STAS\",\"url\":\"https:\\\/\\\/www.stas.com\\\/en\\\/\",\"logo\":{\"@type\":\"ImageObject\",\"inLanguage\":\"en-US\",\"@id\":\"https:\\\/\\\/www.stas.com\\\/en\\\/#\\\/schema\\\/logo\\\/image\\\/\",\"url\":\"https:\\\/\\\/www.stas.com\\\/wp-content\\\/uploads\\\/2018\\\/08\\\/logo-color.png\",\"contentUrl\":\"https:\\\/\\\/www.stas.com\\\/wp-content\\\/uploads\\\/2018\\\/08\\\/logo-color.png\",\"width\":500,\"height\":146,\"caption\":\"STAS\"},\"image\":{\"@id\":\"https:\\\/\\\/www.stas.com\\\/en\\\/#\\\/schema\\\/logo\\\/image\\\/\"},\"sameAs\":[\"https:\\\/\\\/www.facebook.com\\\/stasinc\\\/?ref=br_rs\",\"https:\\\/\\\/www.linkedin.com\\\/company\\\/stas-inc-\\\/\",\"https:\\\/\\\/www.youtube.com\\\/channel\\\/UCZf5gGWX_s-NcYBJUH1tVQA\"]}]}<\/script>\n<!-- \/ Yoast SEO plugin. -->","yoast_head_json":{"title":"Profile and vision\/values | STAS","robots":{"index":"index","follow":"follow","max-snippet":"max-snippet:-1","max-image-preview":"max-image-preview:large","max-video-preview":"max-video-preview:-1"},"canonical":"https:\/\/www.stas.com\/en\/company\/profile-and-vision-values\/","og_locale":"en_US","og_type":"article","og_title":"Profile and vision\/values | STAS","og_description":"STAS Inc. is a Canadian based company specialized in the development, fabrication and commercialisation of process equipment for the global aluminium industry for 35 years. Our head office is located in Chicoutimi, in the Saguenay Lac St-Jean region, one of the world capitals for aluminium production.\u00a0 &nbsp; The equipment offered by STAS is covering various... Read more &raquo;","og_url":"https:\/\/www.stas.com\/en\/company\/profile-and-vision-values\/","og_site_name":"STAS","article_publisher":"https:\/\/www.facebook.com\/stasinc\/?ref=br_rs","article_modified_time":"2025-09-16T17:27:05+00:00","og_image":[{"width":1920,"height":1280,"url":"https:\/\/www.stas.com\/wp-content\/uploads\/2018\/07\/istock-502300201.jpg","type":"image\/jpeg"}],"twitter_card":"summary_large_image","twitter_misc":{"Est. reading time":"3 minutes"},"schema":{"@context":"https:\/\/schema.org","@graph":[{"@type":"WebPage","@id":"https:\/\/www.stas.com\/en\/company\/profile-and-vision-values\/","url":"https:\/\/www.stas.com\/en\/company\/profile-and-vision-values\/","name":"Profile and vision\/values | STAS","isPartOf":{"@id":"https:\/\/www.stas.com\/en\/#website"},"datePublished":"2018-07-12T20:22:01+00:00","dateModified":"2025-09-16T17:27:05+00:00","breadcrumb":{"@id":"https:\/\/www.stas.com\/en\/company\/profile-and-vision-values\/#breadcrumb"},"inLanguage":"en-US","potentialAction":[{"@type":"ReadAction","target":["https:\/\/www.stas.com\/en\/company\/profile-and-vision-values\/"]}]},{"@type":"BreadcrumbList","@id":"https:\/\/www.stas.com\/en\/company\/profile-and-vision-values\/#breadcrumb","itemListElement":[{"@type":"ListItem","position":1,"name":"The Company","item":"https:\/\/www.stas.com\/en\/company\/"},{"@type":"ListItem","position":2,"name":"Profile and vision\/values"}]},{"@type":"WebSite","@id":"https:\/\/www.stas.com\/en\/#website","url":"https:\/\/www.stas.com\/en\/","name":"STAS","description":"\u00c9quipements sp\u00e9cialis\u00e9s pour l&#039;industrie de l&#039;aluminium","publisher":{"@id":"https:\/\/www.stas.com\/en\/#organization"},"potentialAction":[{"@type":"SearchAction","target":{"@type":"EntryPoint","urlTemplate":"https:\/\/www.stas.com\/en\/?s={search_term_string}"},"query-input":{"@type":"PropertyValueSpecification","valueRequired":true,"valueName":"search_term_string"}}],"inLanguage":"en-US"},{"@type":"Organization","@id":"https:\/\/www.stas.com\/en\/#organization","name":"STAS","url":"https:\/\/www.stas.com\/en\/","logo":{"@type":"ImageObject","inLanguage":"en-US","@id":"https:\/\/www.stas.com\/en\/#\/schema\/logo\/image\/","url":"https:\/\/www.stas.com\/wp-content\/uploads\/2018\/08\/logo-color.png","contentUrl":"https:\/\/www.stas.com\/wp-content\/uploads\/2018\/08\/logo-color.png","width":500,"height":146,"caption":"STAS"},"image":{"@id":"https:\/\/www.stas.com\/en\/#\/schema\/logo\/image\/"},"sameAs":["https:\/\/www.facebook.com\/stasinc\/?ref=br_rs","https:\/\/www.linkedin.com\/company\/stas-inc-\/","https:\/\/www.youtube.com\/channel\/UCZf5gGWX_s-NcYBJUH1tVQA"]}]}},"_links":{"self":[{"href":"https:\/\/www.stas.com\/en\/wp-json\/wp\/v2\/pages\/414","targetHints":{"allow":["GET"]}}],"collection":[{"href":"https:\/\/www.stas.com\/en\/wp-json\/wp\/v2\/pages"}],"about":[{"href":"https:\/\/www.stas.com\/en\/wp-json\/wp\/v2\/types\/page"}],"author":[{"embeddable":true,"href":"https:\/\/www.stas.com\/en\/wp-json\/wp\/v2\/users\/1"}],"replies":[{"embeddable":true,"href":"https:\/\/www.stas.com\/en\/wp-json\/wp\/v2\/comments?post=414"}],"version-history":[{"count":5,"href":"https:\/\/www.stas.com\/en\/wp-json\/wp\/v2\/pages\/414\/revisions"}],"predecessor-version":[{"id":6077,"href":"https:\/\/www.stas.com\/en\/wp-json\/wp\/v2\/pages\/414\/revisions\/6077"}],"up":[{"embeddable":true,"href":"https:\/\/www.stas.com\/en\/wp-json\/wp\/v2\/pages\/412"}],"wp:attachment":[{"href":"https:\/\/www.stas.com\/en\/wp-json\/wp\/v2\/media?parent=414"}],"curies":[{"name":"wp","href":"https:\/\/api.w.org\/{rel}","templated":true}]}}