{"id":417,"date":"2018-07-13T08:36:42","date_gmt":"2018-07-13T12:36:42","guid":{"rendered":"https:\/\/www.stas.com\/l-entreprise\/prix-et-distinctions\/"},"modified":"2023-05-09T09:57:06","modified_gmt":"2023-05-09T13:57:06","slug":"awards-and-distinctions","status":"publish","type":"page","link":"https:\/\/www.stas.com\/en\/company\/awards-and-distinctions\/","title":{"rendered":"Awards and distinctions"},"content":{"rendered":"<p><strong>2023 \u2013 Gala des Dubuc de la Chambre de commerce et d&#8217;industrie Saguenay &#8211; Le Fjord <\/strong>(Gala des Dubuc of the Saguenay-Le Fjord Chamber of Commerce and Industry)<\/p>\n<p>Nomination pour les cat\u00e9gories d\u2019Employeur d\u2019exception et d\u2019entreprise manufacturi\u00e8re. (Nomination for the categories of Exceptional Employer and Manufacturing Company)<\/p>\n<p><strong>2022 &#8211; Les 300 plus importantes PME du Qu\u00e9bec &#8211; Les Affaires (300 most important SME&#8217;s in Qu\u00e9bec)<\/strong><\/p>\n<p>Rang 223 sur 300 entreprises\u00a0 (Rank 223 out of 300 companies)\u00a0 \u00a0<\/p>\n<p><strong>2018 &#8211; <\/strong><strong>Gala Mercador Qu\u00e9bec &#8211; Prix provincial \u00e0 l&#8217;exportation <\/strong>(Mercador Quebec Gala &#8211; Provincial Export Award)<\/p>\n<p>Prix coup de coeur &#8211; Gagnant r\u00e9gional Saguenay \/ Lac St-Jean &#8211;\u00a0 Leader \u00e0 l&#8217;export (Favorite price &#8211; Regional Winner Saguenay \/ Lac St-Jean &#8211; Export Leader)<\/p>\n<p><strong>2017\u00a0 &#8211; <\/strong><strong>Regroupement des Entreprises en Automatisation Industrielle &#8211; REAI <\/strong><strong>(The Grouping of OEMs in Industrial Automation)\u00a0<\/strong><\/p>\n<p>Gagnant: Innovation et Automatisation \/ Winner : Innovation and Automation<\/p>\n<img loading=\"lazy\" decoding=\"async\" class=\"lazy alignnone size-medium wp-image-1384\" src=\"https:\/\/www.stas.com\/wp-content\/themes\/nubee\/library\/images\/blank.png\" data-src=\"https:\/\/www.stas.com\/wp-content\/uploads\/2018\/08\/real-winner-stas-500x334.jpg\" alt=\"\" width=\"500\" height=\"334\" \/>\n<p style=\"font-weight: 400\"><strong>2013 &#8211; La jeune chambre de commerce du Saguenay &#8211; Gala Spin contact<br \/>\n(Saguenay Junior Chamber of Commerce)<\/strong><br \/>\n&#8211;\u00a0Laur\u00e9at du prix \u00ab\u00a0Reconnaissance conciliation travail-famille\u00a0\u00bb du\u00a0<em>Gala Spin contact 2013<\/em><br \/>\n\u00a0\u00a0&#8220;Work\u2011Family Balance&#8221; certification awarded at the\u00a0<em>Gala \u2013 Spin contact 2013<\/em><\/p>\n<p style=\"font-weight: 400\"><strong>2009 &#8211; La Chambre de commerce de Chicoutimi &#8211; Gala du m\u00e9rite \u00e9conomique<\/strong><br \/>\n<strong>(Chicoutimi Chamber of Commerce)<\/strong><br \/>\n&#8211; Finaliste dans la cat\u00e9gorie \u00ab\u00a0Production industrielle et de transformation\u00a0\u00bb au Gala du m\u00e9rite \u00e9conomique\u00a02009<br \/>\n\u00a0 Finalist in the category &#8220;Industrial and Process Production&#8221; of the Gala du m\u00e9rite \u00e9conomique 2009<\/p>\n<p style=\"font-weight: 400\"><strong>2008 &#8211; Le Programme de reconnaissance Les PME de la Banque Nationale\u00a0<\/strong><br \/>\n<strong>(National Bank Recognition Program for SMEs)<\/strong><br \/>\n&#8211;\u00a0Laur\u00e9at Or PME exportatrice, Laur\u00e9ats provinciaux 2008<br \/>\n\u00a0 (2008 Gold Award Winner in the SME Quebec Provincial finals &#8211; &#8220;Export SME&#8221; category)<\/p>\n<p style=\"font-weight: 400\"><strong>2007 &#8211; <\/strong><strong>Grands Prix qu\u00e9b\u00e9cois de la qualit\u00e9\u00a0<\/strong><br \/>\n<strong>(2007 Quebec Quality Grand Prix)<\/strong><br \/>\n&#8211; Mention dans la cat\u00e9gorie PME manufacturi\u00e8re de moins de 250\u00a0employ\u00e9s<br \/>\n\u00a0 (Distinction for \u201cManufacturing SME with less than 250\u00a0employees\u201d)<\/p>\n<p style=\"font-weight: 400\"><strong>2005 &#8211; <\/strong><strong>Mercuriades\u00a0<\/strong><br \/>\n&#8211; Contribution au d\u00e9veloppement \u00e9conomique et r\u00e9gional PME<br \/>\n\u00a0 (Contribution to SME economic and regional development)<\/p>\n<p style=\"font-weight: 400\"><strong>2005 &#8211; Promotion Saguenay &#8211; Gala du m\u00e9rite \u00e9conomique<\/strong><br \/>\n&#8211; Gala du M\u00e9rite \u00e9conomique 2005 &#8211; Personnalit\u00e9 d\u2019affaires<br \/>\n\u00a0 (2005 Annual Economic Awards &#8211; Business Personality)<\/p>\n<p style=\"font-weight: 400\"><strong>2004 &#8211; Ordre des Ing\u00e9nieurs du Qu\u00e9bec<\/strong><br \/>\n<strong>(Assocation of Professional Engineers of Quebec)<\/strong><br \/>\n&#8211;\u00a0Grand prix d\u2019excellence \u2013 2004<br \/>\n\u00a0 (Award of Excellence \u2013 2004)<\/p>\n<p style=\"font-weight: 400\"><strong>2004 &#8211; Chambre de commerce de Chicoutimi<\/strong><br \/>\n<strong>(Chamber of Commerce of Chicoutimi)<\/strong><br \/>\n&#8211; M\u00e9ritas 2004 \u2013 Entreprise de l&#8217;ann\u00e9e (cat\u00e9gorie industrielle)<br \/>\n\u00a0 (Meritas 2004 \u2013 Business of the Year (Industrial Category)<\/p>\n<p style=\"font-weight: 400\"><strong>2004\u00a0 &#8211; Canadian Innovation Award<\/strong><br \/>\n&#8211; L\u2019entreprise qu\u00e9b\u00e9coise de l\u2019ann\u00e9e en mati\u00e8re d\u2019innovation<br \/>\n\u00a0 (Quebec Business of the Year in Innovation)<\/p>\n<p style=\"font-weight: 400\"><strong>2004 &#8211; <\/strong><strong>Laur\u00e9at Or PME\u00a0<br \/>\n(2004 SME Gold Award)<\/strong><br \/>\n&#8211;\u00a0Les PME de la Banque Nationale Saguenay, Lac St-Jean, C\u00f4te-Nord<br \/>\n\u00a0 (The SMEs of the National Bank of Saguenay, Lac St-Jean, North Shore)<\/p>\n<p style=\"font-weight: 400\"><strong>2001 &#8211; Association des Entreprises du Parc Industriel du Haut-Saguenay<\/strong><br \/>\n<strong>(Business Association of the Upper Saguenay\u2019s Industrial Park)<\/strong><br \/>\n&#8211; Apport au dynamisme du parc industriel 2001<br \/>\n\u00a0 (2001 contribution to the industrial park\u2019s dynamism)<\/p>\n<p style=\"font-weight: 400\"><strong>2001 &#8211; Les PME de la Banque Nationale<\/strong><br \/>\n<strong>(The SMEs of the National Bank)<\/strong><br \/>\n&#8211; Cat\u00e9gorie PME Exportatrice \u2013 \u00c9dition 2001<br \/>\n\u00a0 (Exporting SME Category \u2013 2001 Edition)<\/p>\n","protected":false},"excerpt":{"rendered":"<p>2023 \u2013 Gala des Dubuc de la Chambre de commerce et d&#8217;industrie Saguenay &#8211; Le Fjord (Gala des Dubuc of the Saguenay-Le Fjord Chamber of Commerce and Industry) Nomination pour les cat\u00e9gories d\u2019Employeur d\u2019exception et d\u2019entreprise manufacturi\u00e8re. (Nomination for the categories of Exceptional Employer and Manufacturing Company) 2022 &#8211; Les 300 plus importantes PME du&#8230;  <a class=\"excerpt-read-more\" href=\"https:\/\/www.stas.com\/en\/company\/awards-and-distinctions\/\" title=\"Read Awards and distinctions\">Read more &raquo;<\/a><\/p>\n","protected":false},"author":1,"featured_media":0,"parent":412,"menu_order":14,"comment_status":"closed","ping_status":"closed","template":"","meta":{"_acf_changed":false,"footnotes":""},"class_list":["post-417","page","type-page","status-publish","hentry"],"acf":[],"yoast_head":"<!-- This site is optimized with the Yoast SEO plugin v27.4 - https:\/\/yoast.com\/product\/yoast-seo-wordpress\/ -->\n<title>Awards and distinctions | STAS<\/title>\n<meta name=\"robots\" content=\"index, follow, max-snippet:-1, max-image-preview:large, max-video-preview:-1\" \/>\n<link rel=\"canonical\" href=\"https:\/\/www.stas.com\/en\/company\/awards-and-distinctions\/\" \/>\n<meta property=\"og:locale\" content=\"en_US\" \/>\n<meta property=\"og:type\" content=\"article\" \/>\n<meta property=\"og:title\" content=\"Awards and distinctions | STAS\" \/>\n<meta property=\"og:description\" content=\"2023 \u2013 Gala des Dubuc de la Chambre de commerce et d&#8217;industrie Saguenay &#8211; Le Fjord (Gala des Dubuc of the Saguenay-Le Fjord Chamber of Commerce and Industry) Nomination pour les cat\u00e9gories d\u2019Employeur d\u2019exception et d\u2019entreprise manufacturi\u00e8re. (Nomination for the categories of Exceptional Employer and Manufacturing Company) 2022 &#8211; Les 300 plus importantes PME du... Read more &raquo;\" \/>\n<meta property=\"og:url\" content=\"https:\/\/www.stas.com\/en\/company\/awards-and-distinctions\/\" \/>\n<meta property=\"og:site_name\" content=\"STAS\" \/>\n<meta property=\"article:publisher\" content=\"https:\/\/www.facebook.com\/stasinc\/?ref=br_rs\" \/>\n<meta property=\"article:modified_time\" content=\"2023-05-09T13:57:06+00:00\" \/>\n<meta property=\"og:image\" content=\"https:\/\/www.stas.com\/wp-content\/uploads\/2018\/08\/real-winner-stas-500x334.jpg\" \/>\n<meta name=\"twitter:card\" content=\"summary_large_image\" \/>\n<meta name=\"twitter:label1\" content=\"Est. reading time\" \/>\n\t<meta name=\"twitter:data1\" content=\"3 minutes\" \/>\n<script type=\"application\/ld+json\" class=\"yoast-schema-graph\">{\"@context\":\"https:\\\/\\\/schema.org\",\"@graph\":[{\"@type\":\"WebPage\",\"@id\":\"https:\\\/\\\/www.stas.com\\\/en\\\/company\\\/awards-and-distinctions\\\/\",\"url\":\"https:\\\/\\\/www.stas.com\\\/en\\\/company\\\/awards-and-distinctions\\\/\",\"name\":\"Awards and distinctions | STAS\",\"isPartOf\":{\"@id\":\"https:\\\/\\\/www.stas.com\\\/en\\\/#website\"},\"primaryImageOfPage\":{\"@id\":\"https:\\\/\\\/www.stas.com\\\/en\\\/company\\\/awards-and-distinctions\\\/#primaryimage\"},\"image\":{\"@id\":\"https:\\\/\\\/www.stas.com\\\/en\\\/company\\\/awards-and-distinctions\\\/#primaryimage\"},\"thumbnailUrl\":\"https:\\\/\\\/www.stas.com\\\/wp-content\\\/uploads\\\/2018\\\/08\\\/real-winner-stas-500x334.jpg\",\"datePublished\":\"2018-07-13T12:36:42+00:00\",\"dateModified\":\"2023-05-09T13:57:06+00:00\",\"breadcrumb\":{\"@id\":\"https:\\\/\\\/www.stas.com\\\/en\\\/company\\\/awards-and-distinctions\\\/#breadcrumb\"},\"inLanguage\":\"en-US\",\"potentialAction\":[{\"@type\":\"ReadAction\",\"target\":[\"https:\\\/\\\/www.stas.com\\\/en\\\/company\\\/awards-and-distinctions\\\/\"]}]},{\"@type\":\"ImageObject\",\"inLanguage\":\"en-US\",\"@id\":\"https:\\\/\\\/www.stas.com\\\/en\\\/company\\\/awards-and-distinctions\\\/#primaryimage\",\"url\":\"https:\\\/\\\/www.stas.com\\\/wp-content\\\/uploads\\\/2018\\\/08\\\/real-winner-stas-500x334.jpg\",\"contentUrl\":\"https:\\\/\\\/www.stas.com\\\/wp-content\\\/uploads\\\/2018\\\/08\\\/real-winner-stas-500x334.jpg\"},{\"@type\":\"BreadcrumbList\",\"@id\":\"https:\\\/\\\/www.stas.com\\\/en\\\/company\\\/awards-and-distinctions\\\/#breadcrumb\",\"itemListElement\":[{\"@type\":\"ListItem\",\"position\":1,\"name\":\"The Company\",\"item\":\"https:\\\/\\\/www.stas.com\\\/en\\\/company\\\/\"},{\"@type\":\"ListItem\",\"position\":2,\"name\":\"Awards and distinctions\"}]},{\"@type\":\"WebSite\",\"@id\":\"https:\\\/\\\/www.stas.com\\\/en\\\/#website\",\"url\":\"https:\\\/\\\/www.stas.com\\\/en\\\/\",\"name\":\"STAS\",\"description\":\"\u00c9quipements sp\u00e9cialis\u00e9s pour l&#039;industrie de l&#039;aluminium\",\"publisher\":{\"@id\":\"https:\\\/\\\/www.stas.com\\\/en\\\/#organization\"},\"potentialAction\":[{\"@type\":\"SearchAction\",\"target\":{\"@type\":\"EntryPoint\",\"urlTemplate\":\"https:\\\/\\\/www.stas.com\\\/en\\\/?s={search_term_string}\"},\"query-input\":{\"@type\":\"PropertyValueSpecification\",\"valueRequired\":true,\"valueName\":\"search_term_string\"}}],\"inLanguage\":\"en-US\"},{\"@type\":\"Organization\",\"@id\":\"https:\\\/\\\/www.stas.com\\\/en\\\/#organization\",\"name\":\"STAS\",\"url\":\"https:\\\/\\\/www.stas.com\\\/en\\\/\",\"logo\":{\"@type\":\"ImageObject\",\"inLanguage\":\"en-US\",\"@id\":\"https:\\\/\\\/www.stas.com\\\/en\\\/#\\\/schema\\\/logo\\\/image\\\/\",\"url\":\"https:\\\/\\\/www.stas.com\\\/wp-content\\\/uploads\\\/2018\\\/08\\\/logo-color.png\",\"contentUrl\":\"https:\\\/\\\/www.stas.com\\\/wp-content\\\/uploads\\\/2018\\\/08\\\/logo-color.png\",\"width\":500,\"height\":146,\"caption\":\"STAS\"},\"image\":{\"@id\":\"https:\\\/\\\/www.stas.com\\\/en\\\/#\\\/schema\\\/logo\\\/image\\\/\"},\"sameAs\":[\"https:\\\/\\\/www.facebook.com\\\/stasinc\\\/?ref=br_rs\",\"https:\\\/\\\/www.linkedin.com\\\/company\\\/stas-inc-\\\/\",\"https:\\\/\\\/www.youtube.com\\\/channel\\\/UCZf5gGWX_s-NcYBJUH1tVQA\"]}]}<\/script>\n<!-- \/ Yoast SEO plugin. -->","yoast_head_json":{"title":"Awards and distinctions | STAS","robots":{"index":"index","follow":"follow","max-snippet":"max-snippet:-1","max-image-preview":"max-image-preview:large","max-video-preview":"max-video-preview:-1"},"canonical":"https:\/\/www.stas.com\/en\/company\/awards-and-distinctions\/","og_locale":"en_US","og_type":"article","og_title":"Awards and distinctions | STAS","og_description":"2023 \u2013 Gala des Dubuc de la Chambre de commerce et d&#8217;industrie Saguenay &#8211; Le Fjord (Gala des Dubuc of the Saguenay-Le Fjord Chamber of Commerce and Industry) Nomination pour les cat\u00e9gories d\u2019Employeur d\u2019exception et d\u2019entreprise manufacturi\u00e8re. (Nomination for the categories of Exceptional Employer and Manufacturing Company) 2022 &#8211; Les 300 plus importantes PME du... Read more &raquo;","og_url":"https:\/\/www.stas.com\/en\/company\/awards-and-distinctions\/","og_site_name":"STAS","article_publisher":"https:\/\/www.facebook.com\/stasinc\/?ref=br_rs","article_modified_time":"2023-05-09T13:57:06+00:00","og_image":[{"url":"https:\/\/www.stas.com\/wp-content\/uploads\/2018\/08\/real-winner-stas-500x334.jpg","type":"","width":"","height":""}],"twitter_card":"summary_large_image","twitter_misc":{"Est. reading time":"3 minutes"},"schema":{"@context":"https:\/\/schema.org","@graph":[{"@type":"WebPage","@id":"https:\/\/www.stas.com\/en\/company\/awards-and-distinctions\/","url":"https:\/\/www.stas.com\/en\/company\/awards-and-distinctions\/","name":"Awards and distinctions | STAS","isPartOf":{"@id":"https:\/\/www.stas.com\/en\/#website"},"primaryImageOfPage":{"@id":"https:\/\/www.stas.com\/en\/company\/awards-and-distinctions\/#primaryimage"},"image":{"@id":"https:\/\/www.stas.com\/en\/company\/awards-and-distinctions\/#primaryimage"},"thumbnailUrl":"https:\/\/www.stas.com\/wp-content\/uploads\/2018\/08\/real-winner-stas-500x334.jpg","datePublished":"2018-07-13T12:36:42+00:00","dateModified":"2023-05-09T13:57:06+00:00","breadcrumb":{"@id":"https:\/\/www.stas.com\/en\/company\/awards-and-distinctions\/#breadcrumb"},"inLanguage":"en-US","potentialAction":[{"@type":"ReadAction","target":["https:\/\/www.stas.com\/en\/company\/awards-and-distinctions\/"]}]},{"@type":"ImageObject","inLanguage":"en-US","@id":"https:\/\/www.stas.com\/en\/company\/awards-and-distinctions\/#primaryimage","url":"https:\/\/www.stas.com\/wp-content\/uploads\/2018\/08\/real-winner-stas-500x334.jpg","contentUrl":"https:\/\/www.stas.com\/wp-content\/uploads\/2018\/08\/real-winner-stas-500x334.jpg"},{"@type":"BreadcrumbList","@id":"https:\/\/www.stas.com\/en\/company\/awards-and-distinctions\/#breadcrumb","itemListElement":[{"@type":"ListItem","position":1,"name":"The Company","item":"https:\/\/www.stas.com\/en\/company\/"},{"@type":"ListItem","position":2,"name":"Awards and distinctions"}]},{"@type":"WebSite","@id":"https:\/\/www.stas.com\/en\/#website","url":"https:\/\/www.stas.com\/en\/","name":"STAS","description":"\u00c9quipements sp\u00e9cialis\u00e9s pour l&#039;industrie de l&#039;aluminium","publisher":{"@id":"https:\/\/www.stas.com\/en\/#organization"},"potentialAction":[{"@type":"SearchAction","target":{"@type":"EntryPoint","urlTemplate":"https:\/\/www.stas.com\/en\/?s={search_term_string}"},"query-input":{"@type":"PropertyValueSpecification","valueRequired":true,"valueName":"search_term_string"}}],"inLanguage":"en-US"},{"@type":"Organization","@id":"https:\/\/www.stas.com\/en\/#organization","name":"STAS","url":"https:\/\/www.stas.com\/en\/","logo":{"@type":"ImageObject","inLanguage":"en-US","@id":"https:\/\/www.stas.com\/en\/#\/schema\/logo\/image\/","url":"https:\/\/www.stas.com\/wp-content\/uploads\/2018\/08\/logo-color.png","contentUrl":"https:\/\/www.stas.com\/wp-content\/uploads\/2018\/08\/logo-color.png","width":500,"height":146,"caption":"STAS"},"image":{"@id":"https:\/\/www.stas.com\/en\/#\/schema\/logo\/image\/"},"sameAs":["https:\/\/www.facebook.com\/stasinc\/?ref=br_rs","https:\/\/www.linkedin.com\/company\/stas-inc-\/","https:\/\/www.youtube.com\/channel\/UCZf5gGWX_s-NcYBJUH1tVQA"]}]}},"_links":{"self":[{"href":"https:\/\/www.stas.com\/en\/wp-json\/wp\/v2\/pages\/417","targetHints":{"allow":["GET"]}}],"collection":[{"href":"https:\/\/www.stas.com\/en\/wp-json\/wp\/v2\/pages"}],"about":[{"href":"https:\/\/www.stas.com\/en\/wp-json\/wp\/v2\/types\/page"}],"author":[{"embeddable":true,"href":"https:\/\/www.stas.com\/en\/wp-json\/wp\/v2\/users\/1"}],"replies":[{"embeddable":true,"href":"https:\/\/www.stas.com\/en\/wp-json\/wp\/v2\/comments?post=417"}],"version-history":[{"count":6,"href":"https:\/\/www.stas.com\/en\/wp-json\/wp\/v2\/pages\/417\/revisions"}],"predecessor-version":[{"id":5245,"href":"https:\/\/www.stas.com\/en\/wp-json\/wp\/v2\/pages\/417\/revisions\/5245"}],"up":[{"embeddable":true,"href":"https:\/\/www.stas.com\/en\/wp-json\/wp\/v2\/pages\/412"}],"wp:attachment":[{"href":"https:\/\/www.stas.com\/en\/wp-json\/wp\/v2\/media?parent=417"}],"curies":[{"name":"wp","href":"https:\/\/api.w.org\/{rel}","templated":true}]}}