{"id":419,"date":"2018-08-15T09:30:35","date_gmt":"2018-08-15T13:30:35","guid":{"rendered":"https:\/\/www.stas.com\/certifications-page\/"},"modified":"2024-11-11T10:04:56","modified_gmt":"2024-11-11T15:04:56","slug":"certifications","status":"publish","type":"page","link":"https:\/\/www.stas.com\/en\/company\/certifications\/","title":{"rendered":"Certifications"},"content":{"rendered":"<h2 style=\"font-weight: 400\"><strong> \u00c9tudes-Travail certification<\/strong><\/h2>\n<img loading=\"lazy\" decoding=\"async\" class=\"lazy alignnone  wp-image-2352\" src=\"https:\/\/www.stas.com\/wp-content\/themes\/nubee\/library\/images\/blank.png\" data-src=\"https:\/\/www.stas.com\/wp-content\/uploads\/2018\/09\/certification-tudes-travail.jpg\" alt=\"\" width=\"285\" height=\"285\" \/>\n<p>The company proudly displays its CET certification! The \u00c9tudes-Travail certification is an accreditation process for Saguenay-Lac-Saint-Jean businesses that recognizes their commitment and efforts to support the perseverance of their employees. The approach aims to make young people, parents and school communities aware of the realities and effects of the combination of activities. The future of the region and the development of businesses require a qualified succession and workforce. With this certification, you can be assured that this employer will respect your student status if he hires you!<\/p>\n<h2>IAS &amp; ISO-9001<\/h2>\n<p><span lang=\"FR\"><img loading=\"lazy\" decoding=\"async\" class=\"lazy alignleft wp-image-5511 size-thumbnail\" src=\"https:\/\/www.stas.com\/wp-content\/themes\/nubee\/library\/images\/blank.png\" data-src=\"https:\/\/www.stas.com\/wp-content\/uploads\/2018\/08\/logo-ias-3-150x150.png\" alt=\"\" width=\"150\" height=\"150\" \/><\/span><\/p>\n<h2><img loading=\"lazy\" decoding=\"async\" class=\"lazy alignleft wp-image-5498 size-thumbnail\" style=\"font-size: 16px;font-weight: 400\" src=\"https:\/\/www.stas.com\/wp-content\/themes\/nubee\/library\/images\/blank.png\" data-src=\"https:\/\/www.stas.com\/wp-content\/uploads\/2018\/08\/iso-9001-1-150x150.png\" alt=\"\" width=\"150\" height=\"150\" \/><\/h2>\n<p><strong><span lang=\"FR\">ISO\u00a09001:2015<\/span><\/strong><span lang=\"FR\"> registered by IAS (International Accreditation Service). This system covers the following scope: Marketing, sale, research &amp; development, project management, design, engineering, procurement, manufacturing, refurbishment, installation and commissioning of STAS industrial equipment mainly for the aluminium industry. Also included are associated services including after\u2011sales service, operations support service, technical and metallurgical services, and supply of spare parts.<\/span><\/p>\n<h2>ISO 14001<\/h2>\n<p><strong><img loading=\"lazy\" decoding=\"async\" class=\"lazy alignleft wp-image-5831 size-thumbnail\" src=\"https:\/\/www.stas.com\/wp-content\/themes\/nubee\/library\/images\/blank.png\" data-src=\"https:\/\/www.stas.com\/wp-content\/uploads\/2024\/11\/logo-norme-iso-14001-150x150.png\" alt=\"\" width=\"150\" height=\"150\" \/>ISO 14001<\/strong> is an international standard for Environmental Management Systems (EMS). It provides a framework that enables organizations to design and implement an EMS and continuously improve their environmental performance. By adopting this standard, organizations can ensure that they take proactive steps to reduce their environmental footprint, comply with applicable legal requirements, and achieve their environmental goals. The framework provided by this standard covers various aspects, from resource use and waste management to monitoring environmental performance and involving stakeholders in environmental commitments.<\/p>\n<h2>ISO 45001<\/h2>\n<p><strong><img loading=\"lazy\" decoding=\"async\" class=\"lazy alignleft wp-image-5836 size-thumbnail\" src=\"https:\/\/www.stas.com\/wp-content\/themes\/nubee\/library\/images\/blank.png\" data-src=\"https:\/\/www.stas.com\/wp-content\/uploads\/2024\/11\/logo-norme-iso-45001-150x150.png\" alt=\"\" width=\"150\" height=\"150\" \/>ISO 45001<\/strong> is an international standard that specifies the requirements for an Occupational Health and Safety Management System (OHSMS). It provides a framework for organizations to manage risks and improve their performance in health and safety at work. This standard defines the criteria for establishing an OHS policy and objectives, as well as for planning, implementing, achieving operational objectives, auditing, and reviews. Key elements of the standard include management commitment, worker participation, hazard identification and risk assessment, compliance with legal and regulatory requirements, emergency planning, analysis of adverse events, and continuous improvement.<\/p>\n<h2>INTEGRATED POLICY (Quality, Environment and Health\/Safety)<\/h2>\n<p>Here is what we are committed to. Discover our <a href=\"https:\/\/www.stas.com\/wp-content\/uploads\/2024\/11\/stas-politique-qualite-2024-mkt_en.pdf\">integrated policy<\/a> (quality, environment and health\/safety).<\/p>\n<h2>\u00a0<\/h2>\n<h2>COGNIBOX<\/h2>\n<img loading=\"lazy\" decoding=\"async\" class=\"lazy alignnone wp-image-2862 size-medium\" src=\"https:\/\/www.stas.com\/wp-content\/themes\/nubee\/library\/images\/blank.png\" data-src=\"https:\/\/www.stas.com\/wp-content\/uploads\/2019\/09\/logo-cognibox-500x144.png\" alt=\"\" width=\"500\" height=\"144\" \/>\n<p><a href=\"https:\/\/www.cognibox.com\/fr\/a-propos\/\" target=\"_blank\" rel=\"noopener\">Cognibox<\/a> supports companies and their subcontractors and helps minimize the risks associated with their operations. It offers leading-edge technology solutions and high-level services to facilitate collaboration, ensure compliance with requirements and optimize their mutual business processes.<\/p>\n<h2>\u00a0<\/h2>\n<h2>Certifications of our industrial equipment\u00a0<\/h2>\n<p>\u00a0 <a href=\"http:\/\/ec.europa.eu\/growth\/single-market\/ce-marking\/\" target=\"_blank\" rel=\"noopener noreferrer\"><img loading=\"lazy\" decoding=\"async\" class=\"lazy alignnone size-full wp-image-444\" src=\"https:\/\/www.stas.com\/wp-content\/themes\/nubee\/library\/images\/blank.png\" data-src=\"https:\/\/www.stas.com\/wp-content\/uploads\/2018\/08\/ce.png\" alt=\"\" width=\"59\" height=\"47\" \/><\/a>\u00a0\u00a0 <a href=\"https:\/\/www.csagroup.org\/\" target=\"_blank\" rel=\"noopener noreferrer\"><img loading=\"lazy\" decoding=\"async\" class=\"lazy alignnone size-full wp-image-447\" src=\"https:\/\/www.stas.com\/wp-content\/themes\/nubee\/library\/images\/blank.png\" data-src=\"https:\/\/www.stas.com\/wp-content\/uploads\/2018\/08\/sa.png\" alt=\"\" width=\"55\" height=\"60\" \/><\/a><\/p>\n<p>&nbsp;<\/p>\n<p>&nbsp;<\/p>\n","protected":false},"excerpt":{"rendered":"<p>\u00c9tudes-Travail certification The company proudly displays its CET certification! The \u00c9tudes-Travail certification is an accreditation process for Saguenay-Lac-Saint-Jean businesses that recognizes their commitment and efforts to support the perseverance of their employees. The approach aims to make young people, parents and school communities aware of the realities and effects of the combination of activities. The&#8230;  <a class=\"excerpt-read-more\" href=\"https:\/\/www.stas.com\/en\/company\/certifications\/\" title=\"Read Certifications\">Read more &raquo;<\/a><\/p>\n","protected":false},"author":1,"featured_media":0,"parent":412,"menu_order":25,"comment_status":"closed","ping_status":"closed","template":"","meta":{"_acf_changed":false,"footnotes":""},"class_list":["post-419","page","type-page","status-publish","hentry"],"acf":[],"yoast_head":"<!-- This site is optimized with the Yoast SEO plugin v27.3 - https:\/\/yoast.com\/product\/yoast-seo-wordpress\/ -->\n<title>Certifications | STAS<\/title>\n<meta name=\"robots\" content=\"index, follow, max-snippet:-1, max-image-preview:large, max-video-preview:-1\" \/>\n<link rel=\"canonical\" href=\"https:\/\/www.stas.com\/en\/company\/certifications\/\" \/>\n<meta property=\"og:locale\" content=\"en_US\" \/>\n<meta property=\"og:type\" content=\"article\" \/>\n<meta property=\"og:title\" content=\"Certifications | STAS\" \/>\n<meta property=\"og:description\" content=\"\u00c9tudes-Travail certification The company proudly displays its CET certification! The \u00c9tudes-Travail certification is an accreditation process for Saguenay-Lac-Saint-Jean businesses that recognizes their commitment and efforts to support the perseverance of their employees. The approach aims to make young people, parents and school communities aware of the realities and effects of the combination of activities. The... Read more &raquo;\" \/>\n<meta property=\"og:url\" content=\"https:\/\/www.stas.com\/en\/company\/certifications\/\" \/>\n<meta property=\"og:site_name\" content=\"STAS\" \/>\n<meta property=\"article:publisher\" content=\"https:\/\/www.facebook.com\/stasinc\/?ref=br_rs\" \/>\n<meta property=\"article:modified_time\" content=\"2024-11-11T15:04:56+00:00\" \/>\n<meta property=\"og:image\" content=\"https:\/\/www.stas.com\/wp-content\/uploads\/2018\/09\/certification-tudes-travail.jpg\" \/>\n<meta name=\"twitter:card\" content=\"summary_large_image\" \/>\n<meta name=\"twitter:label1\" content=\"Est. reading time\" \/>\n\t<meta name=\"twitter:data1\" content=\"4 minutes\" \/>\n<script type=\"application\/ld+json\" class=\"yoast-schema-graph\">{\"@context\":\"https:\\\/\\\/schema.org\",\"@graph\":[{\"@type\":\"WebPage\",\"@id\":\"https:\\\/\\\/www.stas.com\\\/en\\\/company\\\/certifications\\\/\",\"url\":\"https:\\\/\\\/www.stas.com\\\/en\\\/company\\\/certifications\\\/\",\"name\":\"Certifications | STAS\",\"isPartOf\":{\"@id\":\"https:\\\/\\\/www.stas.com\\\/en\\\/#website\"},\"primaryImageOfPage\":{\"@id\":\"https:\\\/\\\/www.stas.com\\\/en\\\/company\\\/certifications\\\/#primaryimage\"},\"image\":{\"@id\":\"https:\\\/\\\/www.stas.com\\\/en\\\/company\\\/certifications\\\/#primaryimage\"},\"thumbnailUrl\":\"https:\\\/\\\/www.stas.com\\\/wp-content\\\/uploads\\\/2018\\\/09\\\/certification-tudes-travail.jpg\",\"datePublished\":\"2018-08-15T13:30:35+00:00\",\"dateModified\":\"2024-11-11T15:04:56+00:00\",\"breadcrumb\":{\"@id\":\"https:\\\/\\\/www.stas.com\\\/en\\\/company\\\/certifications\\\/#breadcrumb\"},\"inLanguage\":\"en-US\",\"potentialAction\":[{\"@type\":\"ReadAction\",\"target\":[\"https:\\\/\\\/www.stas.com\\\/en\\\/company\\\/certifications\\\/\"]}]},{\"@type\":\"ImageObject\",\"inLanguage\":\"en-US\",\"@id\":\"https:\\\/\\\/www.stas.com\\\/en\\\/company\\\/certifications\\\/#primaryimage\",\"url\":\"https:\\\/\\\/www.stas.com\\\/wp-content\\\/uploads\\\/2018\\\/09\\\/certification-tudes-travail.jpg\",\"contentUrl\":\"https:\\\/\\\/www.stas.com\\\/wp-content\\\/uploads\\\/2018\\\/09\\\/certification-tudes-travail.jpg\"},{\"@type\":\"BreadcrumbList\",\"@id\":\"https:\\\/\\\/www.stas.com\\\/en\\\/company\\\/certifications\\\/#breadcrumb\",\"itemListElement\":[{\"@type\":\"ListItem\",\"position\":1,\"name\":\"The Company\",\"item\":\"https:\\\/\\\/www.stas.com\\\/en\\\/company\\\/\"},{\"@type\":\"ListItem\",\"position\":2,\"name\":\"Certifications\"}]},{\"@type\":\"WebSite\",\"@id\":\"https:\\\/\\\/www.stas.com\\\/en\\\/#website\",\"url\":\"https:\\\/\\\/www.stas.com\\\/en\\\/\",\"name\":\"STAS\",\"description\":\"\u00c9quipements sp\u00e9cialis\u00e9s pour l&#039;industrie de l&#039;aluminium\",\"publisher\":{\"@id\":\"https:\\\/\\\/www.stas.com\\\/en\\\/#organization\"},\"potentialAction\":[{\"@type\":\"SearchAction\",\"target\":{\"@type\":\"EntryPoint\",\"urlTemplate\":\"https:\\\/\\\/www.stas.com\\\/en\\\/?s={search_term_string}\"},\"query-input\":{\"@type\":\"PropertyValueSpecification\",\"valueRequired\":true,\"valueName\":\"search_term_string\"}}],\"inLanguage\":\"en-US\"},{\"@type\":\"Organization\",\"@id\":\"https:\\\/\\\/www.stas.com\\\/en\\\/#organization\",\"name\":\"STAS\",\"url\":\"https:\\\/\\\/www.stas.com\\\/en\\\/\",\"logo\":{\"@type\":\"ImageObject\",\"inLanguage\":\"en-US\",\"@id\":\"https:\\\/\\\/www.stas.com\\\/en\\\/#\\\/schema\\\/logo\\\/image\\\/\",\"url\":\"https:\\\/\\\/www.stas.com\\\/wp-content\\\/uploads\\\/2018\\\/08\\\/logo-color.png\",\"contentUrl\":\"https:\\\/\\\/www.stas.com\\\/wp-content\\\/uploads\\\/2018\\\/08\\\/logo-color.png\",\"width\":500,\"height\":146,\"caption\":\"STAS\"},\"image\":{\"@id\":\"https:\\\/\\\/www.stas.com\\\/en\\\/#\\\/schema\\\/logo\\\/image\\\/\"},\"sameAs\":[\"https:\\\/\\\/www.facebook.com\\\/stasinc\\\/?ref=br_rs\",\"https:\\\/\\\/www.linkedin.com\\\/company\\\/stas-inc-\\\/\",\"https:\\\/\\\/www.youtube.com\\\/channel\\\/UCZf5gGWX_s-NcYBJUH1tVQA\"]}]}<\/script>\n<!-- \/ Yoast SEO plugin. -->","yoast_head_json":{"title":"Certifications | STAS","robots":{"index":"index","follow":"follow","max-snippet":"max-snippet:-1","max-image-preview":"max-image-preview:large","max-video-preview":"max-video-preview:-1"},"canonical":"https:\/\/www.stas.com\/en\/company\/certifications\/","og_locale":"en_US","og_type":"article","og_title":"Certifications | STAS","og_description":"\u00c9tudes-Travail certification The company proudly displays its CET certification! The \u00c9tudes-Travail certification is an accreditation process for Saguenay-Lac-Saint-Jean businesses that recognizes their commitment and efforts to support the perseverance of their employees. The approach aims to make young people, parents and school communities aware of the realities and effects of the combination of activities. The... Read more &raquo;","og_url":"https:\/\/www.stas.com\/en\/company\/certifications\/","og_site_name":"STAS","article_publisher":"https:\/\/www.facebook.com\/stasinc\/?ref=br_rs","article_modified_time":"2024-11-11T15:04:56+00:00","og_image":[{"url":"https:\/\/www.stas.com\/wp-content\/uploads\/2018\/09\/certification-tudes-travail.jpg","type":"","width":"","height":""}],"twitter_card":"summary_large_image","twitter_misc":{"Est. reading time":"4 minutes"},"schema":{"@context":"https:\/\/schema.org","@graph":[{"@type":"WebPage","@id":"https:\/\/www.stas.com\/en\/company\/certifications\/","url":"https:\/\/www.stas.com\/en\/company\/certifications\/","name":"Certifications | STAS","isPartOf":{"@id":"https:\/\/www.stas.com\/en\/#website"},"primaryImageOfPage":{"@id":"https:\/\/www.stas.com\/en\/company\/certifications\/#primaryimage"},"image":{"@id":"https:\/\/www.stas.com\/en\/company\/certifications\/#primaryimage"},"thumbnailUrl":"https:\/\/www.stas.com\/wp-content\/uploads\/2018\/09\/certification-tudes-travail.jpg","datePublished":"2018-08-15T13:30:35+00:00","dateModified":"2024-11-11T15:04:56+00:00","breadcrumb":{"@id":"https:\/\/www.stas.com\/en\/company\/certifications\/#breadcrumb"},"inLanguage":"en-US","potentialAction":[{"@type":"ReadAction","target":["https:\/\/www.stas.com\/en\/company\/certifications\/"]}]},{"@type":"ImageObject","inLanguage":"en-US","@id":"https:\/\/www.stas.com\/en\/company\/certifications\/#primaryimage","url":"https:\/\/www.stas.com\/wp-content\/uploads\/2018\/09\/certification-tudes-travail.jpg","contentUrl":"https:\/\/www.stas.com\/wp-content\/uploads\/2018\/09\/certification-tudes-travail.jpg"},{"@type":"BreadcrumbList","@id":"https:\/\/www.stas.com\/en\/company\/certifications\/#breadcrumb","itemListElement":[{"@type":"ListItem","position":1,"name":"The Company","item":"https:\/\/www.stas.com\/en\/company\/"},{"@type":"ListItem","position":2,"name":"Certifications"}]},{"@type":"WebSite","@id":"https:\/\/www.stas.com\/en\/#website","url":"https:\/\/www.stas.com\/en\/","name":"STAS","description":"\u00c9quipements sp\u00e9cialis\u00e9s pour l&#039;industrie de l&#039;aluminium","publisher":{"@id":"https:\/\/www.stas.com\/en\/#organization"},"potentialAction":[{"@type":"SearchAction","target":{"@type":"EntryPoint","urlTemplate":"https:\/\/www.stas.com\/en\/?s={search_term_string}"},"query-input":{"@type":"PropertyValueSpecification","valueRequired":true,"valueName":"search_term_string"}}],"inLanguage":"en-US"},{"@type":"Organization","@id":"https:\/\/www.stas.com\/en\/#organization","name":"STAS","url":"https:\/\/www.stas.com\/en\/","logo":{"@type":"ImageObject","inLanguage":"en-US","@id":"https:\/\/www.stas.com\/en\/#\/schema\/logo\/image\/","url":"https:\/\/www.stas.com\/wp-content\/uploads\/2018\/08\/logo-color.png","contentUrl":"https:\/\/www.stas.com\/wp-content\/uploads\/2018\/08\/logo-color.png","width":500,"height":146,"caption":"STAS"},"image":{"@id":"https:\/\/www.stas.com\/en\/#\/schema\/logo\/image\/"},"sameAs":["https:\/\/www.facebook.com\/stasinc\/?ref=br_rs","https:\/\/www.linkedin.com\/company\/stas-inc-\/","https:\/\/www.youtube.com\/channel\/UCZf5gGWX_s-NcYBJUH1tVQA"]}]}},"_links":{"self":[{"href":"https:\/\/www.stas.com\/en\/wp-json\/wp\/v2\/pages\/419","targetHints":{"allow":["GET"]}}],"collection":[{"href":"https:\/\/www.stas.com\/en\/wp-json\/wp\/v2\/pages"}],"about":[{"href":"https:\/\/www.stas.com\/en\/wp-json\/wp\/v2\/types\/page"}],"author":[{"embeddable":true,"href":"https:\/\/www.stas.com\/en\/wp-json\/wp\/v2\/users\/1"}],"replies":[{"embeddable":true,"href":"https:\/\/www.stas.com\/en\/wp-json\/wp\/v2\/comments?post=419"}],"version-history":[{"count":5,"href":"https:\/\/www.stas.com\/en\/wp-json\/wp\/v2\/pages\/419\/revisions"}],"predecessor-version":[{"id":2355,"href":"https:\/\/www.stas.com\/en\/wp-json\/wp\/v2\/pages\/419\/revisions\/2355"}],"up":[{"embeddable":true,"href":"https:\/\/www.stas.com\/en\/wp-json\/wp\/v2\/pages\/412"}],"wp:attachment":[{"href":"https:\/\/www.stas.com\/en\/wp-json\/wp\/v2\/media?parent=419"}],"curies":[{"name":"wp","href":"https:\/\/api.w.org\/{rel}","templated":true}]}}